{"id":21608,"date":"2026-04-01T09:00:41","date_gmt":"2020-02-17T19:51:41","guid":{"rendered":"https:\/\/splouvani.npsumava.cz\/splouvani\/on-the-vltava\/"},"modified":"2026-04-01T09:02:54","modified_gmt":"2026-04-01T07:02:54","slug":"on-the-vltava","status":"publish","type":"product","link":"https:\/\/splouvani.npsumava.cz\/en\/rafting\/on-the-vltava\/","title":{"rendered":"Rafting on the Vltava"},"content":{"rendered":"","protected":false},"excerpt":{"rendered":"","protected":false},"featured_media":144,"template":"","meta":[],"product_cat":[],"product_tag":[],"acf":[],"yoast_head":"<!-- This site is optimized with the Yoast SEO plugin v20.4 - https:\/\/yoast.com\/wordpress\/plugins\/seo\/ -->\n<title>Rafting on the Vltava | Splouv\u00e1n\u00ed Vltavy<\/title>\n<meta name=\"robots\" content=\"noindex, follow\" \/>\n<meta property=\"og:locale\" content=\"en_US\" \/>\n<meta property=\"og:type\" content=\"article\" \/>\n<meta property=\"og:title\" content=\"Rafting on the Vltava | Splouv\u00e1n\u00ed Vltavy\" \/>\n<meta property=\"og:url\" content=\"https:\/\/splouvani.npsumava.cz\/en\/rafting\/on-the-vltava\/\" \/>\n<meta property=\"og:site_name\" content=\"Splouv\u00e1n\u00ed Vltavy\" \/>\n<meta property=\"article:modified_time\" content=\"2026-04-01T07:02:54+00:00\" \/>\n<meta property=\"og:image\" content=\"https:\/\/splouvani.npsumava.cz\/wp-content\/uploads\/2020\/02\/lod2x.png\" \/>\n\t<meta property=\"og:image:width\" content=\"280\" \/>\n\t<meta property=\"og:image:height\" content=\"200\" \/>\n\t<meta property=\"og:image:type\" content=\"image\/png\" \/>\n<meta name=\"twitter:card\" content=\"summary_large_image\" \/>\n<script type=\"application\/ld+json\" class=\"yoast-schema-graph\">{\"@context\":\"https:\/\/schema.org\",\"@graph\":[{\"@type\":\"WebPage\",\"@id\":\"https:\/\/splouvani.npsumava.cz\/en\/rafting\/on-the-vltava\/\",\"url\":\"https:\/\/splouvani.npsumava.cz\/en\/rafting\/on-the-vltava\/\",\"name\":\"Rafting on the Vltava | Splouv\u00e1n\u00ed Vltavy\",\"isPartOf\":{\"@id\":\"https:\/\/splouvani.npsumava.cz\/#website\"},\"datePublished\":\"2020-02-17T19:51:41+00:00\",\"dateModified\":\"2026-04-01T07:02:54+00:00\",\"breadcrumb\":{\"@id\":\"https:\/\/splouvani.npsumava.cz\/en\/rafting\/on-the-vltava\/#breadcrumb\"},\"inLanguage\":\"en-US\",\"potentialAction\":[{\"@type\":\"ReadAction\",\"target\":[\"https:\/\/splouvani.npsumava.cz\/en\/rafting\/on-the-vltava\/\"]}]},{\"@type\":\"BreadcrumbList\",\"@id\":\"https:\/\/splouvani.npsumava.cz\/en\/rafting\/on-the-vltava\/#breadcrumb\",\"itemListElement\":[{\"@type\":\"ListItem\",\"position\":1,\"name\":\"Dom\u016f\",\"item\":\"https:\/\/splouvani.npsumava.cz\/en\/home\/\"},{\"@type\":\"ListItem\",\"position\":2,\"name\":\"Rafting on the Vltava\"}]},{\"@type\":\"WebSite\",\"@id\":\"https:\/\/splouvani.npsumava.cz\/#website\",\"url\":\"https:\/\/splouvani.npsumava.cz\/\",\"name\":\"Splouv\u00e1n\u00ed Vltavy\",\"description\":\"Vodn\u00ed turistika na \u00fasec\u00edch \u0159ek Vltava, Otava a Vydra\",\"publisher\":{\"@id\":\"https:\/\/splouvani.npsumava.cz\/#organization\"},\"potentialAction\":[{\"@type\":\"SearchAction\",\"target\":{\"@type\":\"EntryPoint\",\"urlTemplate\":\"https:\/\/splouvani.npsumava.cz\/?s={search_term_string}\"},\"query-input\":\"required name=search_term_string\"}],\"inLanguage\":\"en-US\"},{\"@type\":\"Organization\",\"@id\":\"https:\/\/splouvani.npsumava.cz\/#organization\",\"name\":\"Splouv\u00e1n\u00ed Vltavy\",\"url\":\"https:\/\/splouvani.npsumava.cz\/\",\"logo\":{\"@type\":\"ImageObject\",\"inLanguage\":\"en-US\",\"@id\":\"https:\/\/splouvani.npsumava.cz\/#\/schema\/logo\/image\/\",\"url\":\"https:\/\/splouvani.npsumava.cz\/wp-content\/uploads\/2020\/02\/splouvani_vltavy-logo-1.jpg\",\"contentUrl\":\"https:\/\/splouvani.npsumava.cz\/wp-content\/uploads\/2020\/02\/splouvani_vltavy-logo-1.jpg\",\"width\":111,\"height\":100,\"caption\":\"Splouv\u00e1n\u00ed Vltavy\"},\"image\":{\"@id\":\"https:\/\/splouvani.npsumava.cz\/#\/schema\/logo\/image\/\"}}]}<\/script>\n<!-- \/ Yoast SEO plugin. -->","yoast_head_json":{"title":"Rafting on the Vltava | Splouv\u00e1n\u00ed Vltavy","robots":{"index":"noindex","follow":"follow"},"og_locale":"en_US","og_type":"article","og_title":"Rafting on the Vltava | Splouv\u00e1n\u00ed Vltavy","og_url":"https:\/\/splouvani.npsumava.cz\/en\/rafting\/on-the-vltava\/","og_site_name":"Splouv\u00e1n\u00ed Vltavy","article_modified_time":"2026-04-01T07:02:54+00:00","og_image":[{"width":280,"height":200,"url":"https:\/\/splouvani.npsumava.cz\/wp-content\/uploads\/2020\/02\/lod2x.png","type":"image\/png"}],"twitter_card":"summary_large_image","schema":{"@context":"https:\/\/schema.org","@graph":[{"@type":"WebPage","@id":"https:\/\/splouvani.npsumava.cz\/en\/rafting\/on-the-vltava\/","url":"https:\/\/splouvani.npsumava.cz\/en\/rafting\/on-the-vltava\/","name":"Rafting on the Vltava | Splouv\u00e1n\u00ed Vltavy","isPartOf":{"@id":"https:\/\/splouvani.npsumava.cz\/#website"},"datePublished":"2020-02-17T19:51:41+00:00","dateModified":"2026-04-01T07:02:54+00:00","breadcrumb":{"@id":"https:\/\/splouvani.npsumava.cz\/en\/rafting\/on-the-vltava\/#breadcrumb"},"inLanguage":"en-US","potentialAction":[{"@type":"ReadAction","target":["https:\/\/splouvani.npsumava.cz\/en\/rafting\/on-the-vltava\/"]}]},{"@type":"BreadcrumbList","@id":"https:\/\/splouvani.npsumava.cz\/en\/rafting\/on-the-vltava\/#breadcrumb","itemListElement":[{"@type":"ListItem","position":1,"name":"Dom\u016f","item":"https:\/\/splouvani.npsumava.cz\/en\/home\/"},{"@type":"ListItem","position":2,"name":"Rafting on the Vltava"}]},{"@type":"WebSite","@id":"https:\/\/splouvani.npsumava.cz\/#website","url":"https:\/\/splouvani.npsumava.cz\/","name":"Splouv\u00e1n\u00ed Vltavy","description":"Vodn\u00ed turistika na \u00fasec\u00edch \u0159ek Vltava, Otava a Vydra","publisher":{"@id":"https:\/\/splouvani.npsumava.cz\/#organization"},"potentialAction":[{"@type":"SearchAction","target":{"@type":"EntryPoint","urlTemplate":"https:\/\/splouvani.npsumava.cz\/?s={search_term_string}"},"query-input":"required name=search_term_string"}],"inLanguage":"en-US"},{"@type":"Organization","@id":"https:\/\/splouvani.npsumava.cz\/#organization","name":"Splouv\u00e1n\u00ed Vltavy","url":"https:\/\/splouvani.npsumava.cz\/","logo":{"@type":"ImageObject","inLanguage":"en-US","@id":"https:\/\/splouvani.npsumava.cz\/#\/schema\/logo\/image\/","url":"https:\/\/splouvani.npsumava.cz\/wp-content\/uploads\/2020\/02\/splouvani_vltavy-logo-1.jpg","contentUrl":"https:\/\/splouvani.npsumava.cz\/wp-content\/uploads\/2020\/02\/splouvani_vltavy-logo-1.jpg","width":111,"height":100,"caption":"Splouv\u00e1n\u00ed Vltavy"},"image":{"@id":"https:\/\/splouvani.npsumava.cz\/#\/schema\/logo\/image\/"}}]}},"_links":{"self":[{"href":"https:\/\/splouvani.npsumava.cz\/en\/wp-json\/wp\/v2\/product\/21608"}],"collection":[{"href":"https:\/\/splouvani.npsumava.cz\/en\/wp-json\/wp\/v2\/product"}],"about":[{"href":"https:\/\/splouvani.npsumava.cz\/en\/wp-json\/wp\/v2\/types\/product"}],"wp:featuredmedia":[{"embeddable":true,"href":"https:\/\/splouvani.npsumava.cz\/en\/wp-json\/wp\/v2\/media\/144"}],"wp:attachment":[{"href":"https:\/\/splouvani.npsumava.cz\/en\/wp-json\/wp\/v2\/media?parent=21608"}],"wp:term":[{"taxonomy":"product_cat","embeddable":true,"href":"https:\/\/splouvani.npsumava.cz\/en\/wp-json\/wp\/v2\/product_cat?post=21608"},{"taxonomy":"product_tag","embeddable":true,"href":"https:\/\/splouvani.npsumava.cz\/en\/wp-json\/wp\/v2\/product_tag?post=21608"}],"curies":[{"name":"wp","href":"https:\/\/api.w.org\/{rel}","templated":true}]}}