{"id":80035,"date":"2026-03-05T14:02:19","date_gmt":"2026-03-05T13:02:19","guid":{"rendered":"https:\/\/splouvani.npsumava.cz\/home\/podminky-splouvani\/"},"modified":"2026-03-31T14:34:13","modified_gmt":"2026-03-31T12:34:13","slug":"rafting-terms-and-conditions","status":"publish","type":"page","link":"https:\/\/splouvani.npsumava.cz\/en\/home\/rafting-terms-and-conditions\/","title":{"rendered":"Rafting terms and conditions"},"content":{"rendered":"\t\t<div data-elementor-type=\"wp-page\" data-elementor-id=\"80035\" class=\"elementor elementor-80035 elementor-79824\">\n\t\t\t\t\t\t<div class=\"elementor-inner\">\n\t\t\t\t<div class=\"elementor-section-wrap\">\n\t\t\t\t\t\t\t\t\t<section class=\"elementor-section elementor-top-section elementor-element elementor-element-2068eeb elementor-section-boxed elementor-section-height-default elementor-section-height-default\" data-id=\"2068eeb\" data-element_type=\"section\">\n\t\t\t\t\t\t<div class=\"elementor-container elementor-column-gap-default\">\n\t\t\t\t\t\t\t<div class=\"elementor-row\">\n\t\t\t\t\t<div class=\"elementor-column elementor-col-100 elementor-top-column elementor-element elementor-element-c988310\" data-id=\"c988310\" data-element_type=\"column\">\n\t\t\t<div class=\"elementor-column-wrap elementor-element-populated\">\n\t\t\t\t\t\t\t<div class=\"elementor-widget-wrap\">\n\t\t\t\t\t\t<div class=\"elementor-element elementor-element-69e8da6 elementor-widget elementor-widget-heading\" data-id=\"69e8da6\" data-element_type=\"widget\" data-widget_type=\"heading.default\">\n\t\t\t\t<div class=\"elementor-widget-container\">\n\t\t\t<h1 class=\"elementor-heading-title elementor-size-default\">Rafting terms and conditions\n<\/h1>\t\t<\/div>\n\t\t\t\t<\/div>\n\t\t\t\t<div class=\"elementor-element elementor-element-cbed90d elementor-widget elementor-widget-heading\" data-id=\"cbed90d\" data-element_type=\"widget\" data-widget_type=\"heading.default\">\n\t\t\t\t<div class=\"elementor-widget-container\">\n\t\t\t<h4 class=\"elementor-heading-title elementor-size-default\">The terms and conditions below are valid from May 1, 2026.<\/h4>\t\t<\/div>\n\t\t\t\t<\/div>\n\t\t\t\t<div class=\"elementor-element elementor-element-f754143 elementor-widget elementor-widget-text-editor\" data-id=\"f754143\" data-element_type=\"widget\" data-widget_type=\"text-editor.default\">\n\t\t\t\t<div class=\"elementor-widget-container\">\n\t\t\t\t\t\t\t\t<div class=\"elementor-text-editor elementor-clearfix\">\n\t\t\t\t<h5><span style=\"color: #800000;\"><strong>Borov\u00e1 Lada \u2013 Polka<\/strong><\/span><\/h5><ul><li>Rafting is permitted from March 15 to May 31, Saturdays and Sundays only<\/li><li>From 8:00 a.m. to 6:00 p.m.<\/li><li>Permitted types of vessels \u2013 kayaks, canoes \/ paddleboards prohibited<\/li><\/ul><h5><span style=\"color: #800000;\"><strong>Polka \u2013 Lenora<\/strong><\/span><\/h5><ul><li>The river flows outside the national park \u2013 rafting on this section is unrestricted<\/li><\/ul><h5><span style=\"color: #800000;\"><strong>Lenora \u2013 Soumarsk\u00fd Most<\/strong><\/span><\/h5><ul><li>Rafting is permitted daily from May 1 to October 31<\/li><li>From 8:00 a.m. to 8:00 p.m.<\/li><li>Permitted vessel types \u2013 kayaks, canoes \/ paddleboards prohibited<\/li><li>Rafting on this section is permitted when the river level is 45 cm on the water gauge at<\/li><li>Soumarsk\u00fd Most at 5:50 a.m. on the same day<\/li><\/ul><h5><span style=\"color: #800000;\"><strong>P\u011bkn\u00e1 \u2013 Nov\u00e1 Pec<\/strong><\/span><\/h5><ul><li>Rafting is permitted May 1 \u2013 Oct. 31 daily<\/li><li>From 8:00 a.m. to 8:00 p.m.<\/li><li>Permitted vessel types \u2013 kayaks, canoes \/ paddleboards prohibited<\/li><\/ul>\t\t\t\t\t<\/div>\n\t\t\t\t\t\t<\/div>\n\t\t\t\t<\/div>\n\t\t\t\t<div class=\"elementor-element elementor-element-570fb25 elementor-widget elementor-widget-text-editor\" data-id=\"570fb25\" data-element_type=\"widget\" data-widget_type=\"text-editor.default\">\n\t\t\t\t<div class=\"elementor-widget-container\">\n\t\t\t\t\t\t\t\t<div class=\"elementor-text-editor elementor-clearfix\">\n\t\t\t\t<h4><span style=\"color: #800000;\"><strong>Soumarsk\u00fd Most \u2013 P\u011bkn\u00e1<\/strong><\/span><\/h4><p><span style=\"color: #ff0000;\"><strong>!!! Boat registration is mandatory in this section !!!<\/strong><\/span><\/p><ul><li>Boating is permitted between 8:00 a.m. and 8:00 p.m.<\/li><li>Permitted vessel types \u2013 kayaks, canoes \/ paddleboards prohibited<\/li><li>From May 1 to May 31, boating is permitted only on weekends and holidays.<\/li><li>From June 1 to October 31, boating is permitted every day.<\/li><li>In May, July, and August, boats depart every hour from 8:00 AM to 4:00 PM. A total of 9 trips per day.<\/li><li>In June, September, and October, boats depart every even hour from 8:00 AM to 4:00 PM. A total of 5 trips per day.<\/li><li>Boating on this section is permitted when the river level is <strong>50 cm<\/strong> on the water gauge at<\/li><li>Soumarsk\u00fd Most at <strong>5:50 a.m.<\/strong> on the same day<\/li><li>When the water level is between 50 cm and 60.9 cm, a maximum of 7 boats per hour is permitted<\/li><li>When the water level is above 61 cm, a group of up to 20 boats per hour is permitted.<\/li><li>The guide always accompanies each group, regardless of the group\u2019s size.<\/li><li>The guide does not accompany the group only when the water level is 61 cm or higher.<\/li><li>The registration fee is 600 CZK online \/ 700 CZK at the registration desk.<\/li><\/ul>\t\t\t\t\t<\/div>\n\t\t\t\t\t\t<\/div>\n\t\t\t\t<\/div>\n\t\t\t\t\t\t<\/div>\n\t\t\t\t\t<\/div>\n\t\t<\/div>\n\t\t\t\t\t\t\t\t<\/div>\n\t\t\t\t\t<\/div>\n\t\t<\/section>\n\t\t\t\t\t\t\t\t\t<\/div>\n\t\t\t<\/div>\n\t\t\t\t\t<\/div>\n\t\t","protected":false},"excerpt":{"rendered":"<p>Rafting terms and conditions The terms and conditions below are valid from May 1, 2026. Borov\u00e1 Lada \u2013 Polka Rafting is permitted from March 15 to May 31, Saturdays and Sundays only From 8:00 a.m. to 6:00 p.m. Permitted types of vessels \u2013 kayaks, canoes \/ paddleboards prohibited Polka \u2013 Lenora The river flows outside [&hellip;]<\/p>\n","protected":false},"author":2,"featured_media":0,"parent":21707,"menu_order":0,"comment_status":"closed","ping_status":"closed","template":"","meta":[],"acf":[],"yoast_head":"<!-- This site is optimized with the Yoast SEO plugin v20.4 - https:\/\/yoast.com\/wordpress\/plugins\/seo\/ -->\n<title>Rafting terms and conditions | Splouv\u00e1n\u00ed Vltavy<\/title>\n<meta name=\"robots\" content=\"index, follow, max-snippet:-1, max-image-preview:large, max-video-preview:-1\" \/>\n<link rel=\"canonical\" href=\"https:\/\/splouvani.npsumava.cz\/en\/home\/rafting-terms-and-conditions\/\" \/>\n<meta property=\"og:locale\" content=\"en_US\" \/>\n<meta property=\"og:type\" content=\"article\" \/>\n<meta property=\"og:title\" content=\"Rafting terms and conditions | Splouv\u00e1n\u00ed Vltavy\" \/>\n<meta property=\"og:description\" content=\"Rafting terms and conditions The terms and conditions below are valid from May 1, 2026. Borov\u00e1 Lada \u2013 Polka Rafting is permitted from March 15 to May 31, Saturdays and Sundays only From 8:00 a.m. to 6:00 p.m. Permitted types of vessels \u2013 kayaks, canoes \/ paddleboards prohibited Polka \u2013 Lenora The river flows outside [&hellip;]\" \/>\n<meta property=\"og:url\" content=\"https:\/\/splouvani.npsumava.cz\/en\/home\/rafting-terms-and-conditions\/\" \/>\n<meta property=\"og:site_name\" content=\"Splouv\u00e1n\u00ed Vltavy\" \/>\n<meta property=\"article:modified_time\" content=\"2026-03-31T12:34:13+00:00\" \/>\n<meta property=\"og:image\" content=\"https:\/\/splouvani.npsumava.cz\/wp-content\/uploads\/2020\/02\/splouvani_vltavy-logo-1.jpg\" \/>\n\t<meta property=\"og:image:width\" content=\"111\" \/>\n\t<meta property=\"og:image:height\" content=\"100\" \/>\n\t<meta property=\"og:image:type\" content=\"image\/jpeg\" \/>\n<meta name=\"twitter:card\" content=\"summary_large_image\" \/>\n<meta name=\"twitter:label1\" content=\"Est. reading time\" \/>\n\t<meta name=\"twitter:data1\" content=\"2 minutes\" \/>\n<script type=\"application\/ld+json\" class=\"yoast-schema-graph\">{\"@context\":\"https:\/\/schema.org\",\"@graph\":[{\"@type\":\"WebPage\",\"@id\":\"https:\/\/splouvani.npsumava.cz\/en\/home\/rafting-terms-and-conditions\/\",\"url\":\"https:\/\/splouvani.npsumava.cz\/en\/home\/rafting-terms-and-conditions\/\",\"name\":\"Rafting terms and conditions | Splouv\u00e1n\u00ed Vltavy\",\"isPartOf\":{\"@id\":\"https:\/\/splouvani.npsumava.cz\/#website\"},\"datePublished\":\"2026-03-05T13:02:19+00:00\",\"dateModified\":\"2026-03-31T12:34:13+00:00\",\"breadcrumb\":{\"@id\":\"https:\/\/splouvani.npsumava.cz\/en\/home\/rafting-terms-and-conditions\/#breadcrumb\"},\"inLanguage\":\"en-US\",\"potentialAction\":[{\"@type\":\"ReadAction\",\"target\":[\"https:\/\/splouvani.npsumava.cz\/en\/home\/rafting-terms-and-conditions\/\"]}]},{\"@type\":\"BreadcrumbList\",\"@id\":\"https:\/\/splouvani.npsumava.cz\/en\/home\/rafting-terms-and-conditions\/#breadcrumb\",\"itemListElement\":[{\"@type\":\"ListItem\",\"position\":1,\"name\":\"Dom\u016f\",\"item\":\"https:\/\/splouvani.npsumava.cz\/en\/home\/\"},{\"@type\":\"ListItem\",\"position\":2,\"name\":\"Home\",\"item\":\"https:\/\/splouvani.npsumava.cz\/en\/home\/\"},{\"@type\":\"ListItem\",\"position\":3,\"name\":\"Rafting terms and conditions\"}]},{\"@type\":\"WebSite\",\"@id\":\"https:\/\/splouvani.npsumava.cz\/#website\",\"url\":\"https:\/\/splouvani.npsumava.cz\/\",\"name\":\"Splouv\u00e1n\u00ed Vltavy\",\"description\":\"Vodn\u00ed turistika na \u00fasec\u00edch \u0159ek Vltava, Otava a Vydra\",\"publisher\":{\"@id\":\"https:\/\/splouvani.npsumava.cz\/#organization\"},\"potentialAction\":[{\"@type\":\"SearchAction\",\"target\":{\"@type\":\"EntryPoint\",\"urlTemplate\":\"https:\/\/splouvani.npsumava.cz\/?s={search_term_string}\"},\"query-input\":\"required name=search_term_string\"}],\"inLanguage\":\"en-US\"},{\"@type\":\"Organization\",\"@id\":\"https:\/\/splouvani.npsumava.cz\/#organization\",\"name\":\"Splouv\u00e1n\u00ed Vltavy\",\"url\":\"https:\/\/splouvani.npsumava.cz\/\",\"logo\":{\"@type\":\"ImageObject\",\"inLanguage\":\"en-US\",\"@id\":\"https:\/\/splouvani.npsumava.cz\/#\/schema\/logo\/image\/\",\"url\":\"https:\/\/splouvani.npsumava.cz\/wp-content\/uploads\/2020\/02\/splouvani_vltavy-logo-1.jpg\",\"contentUrl\":\"https:\/\/splouvani.npsumava.cz\/wp-content\/uploads\/2020\/02\/splouvani_vltavy-logo-1.jpg\",\"width\":111,\"height\":100,\"caption\":\"Splouv\u00e1n\u00ed Vltavy\"},\"image\":{\"@id\":\"https:\/\/splouvani.npsumava.cz\/#\/schema\/logo\/image\/\"}}]}<\/script>\n<!-- \/ Yoast SEO plugin. -->","yoast_head_json":{"title":"Rafting terms and conditions | Splouv\u00e1n\u00ed Vltavy","robots":{"index":"index","follow":"follow","max-snippet":"max-snippet:-1","max-image-preview":"max-image-preview:large","max-video-preview":"max-video-preview:-1"},"canonical":"https:\/\/splouvani.npsumava.cz\/en\/home\/rafting-terms-and-conditions\/","og_locale":"en_US","og_type":"article","og_title":"Rafting terms and conditions | Splouv\u00e1n\u00ed Vltavy","og_description":"Rafting terms and conditions The terms and conditions below are valid from May 1, 2026. Borov\u00e1 Lada \u2013 Polka Rafting is permitted from March 15 to May 31, Saturdays and Sundays only From 8:00 a.m. to 6:00 p.m. Permitted types of vessels \u2013 kayaks, canoes \/ paddleboards prohibited Polka \u2013 Lenora The river flows outside [&hellip;]","og_url":"https:\/\/splouvani.npsumava.cz\/en\/home\/rafting-terms-and-conditions\/","og_site_name":"Splouv\u00e1n\u00ed Vltavy","article_modified_time":"2026-03-31T12:34:13+00:00","og_image":[{"width":111,"height":100,"url":"https:\/\/splouvani.npsumava.cz\/wp-content\/uploads\/2020\/02\/splouvani_vltavy-logo-1.jpg","type":"image\/jpeg"}],"twitter_card":"summary_large_image","twitter_misc":{"Est. reading time":"2 minutes"},"schema":{"@context":"https:\/\/schema.org","@graph":[{"@type":"WebPage","@id":"https:\/\/splouvani.npsumava.cz\/en\/home\/rafting-terms-and-conditions\/","url":"https:\/\/splouvani.npsumava.cz\/en\/home\/rafting-terms-and-conditions\/","name":"Rafting terms and conditions | Splouv\u00e1n\u00ed Vltavy","isPartOf":{"@id":"https:\/\/splouvani.npsumava.cz\/#website"},"datePublished":"2026-03-05T13:02:19+00:00","dateModified":"2026-03-31T12:34:13+00:00","breadcrumb":{"@id":"https:\/\/splouvani.npsumava.cz\/en\/home\/rafting-terms-and-conditions\/#breadcrumb"},"inLanguage":"en-US","potentialAction":[{"@type":"ReadAction","target":["https:\/\/splouvani.npsumava.cz\/en\/home\/rafting-terms-and-conditions\/"]}]},{"@type":"BreadcrumbList","@id":"https:\/\/splouvani.npsumava.cz\/en\/home\/rafting-terms-and-conditions\/#breadcrumb","itemListElement":[{"@type":"ListItem","position":1,"name":"Dom\u016f","item":"https:\/\/splouvani.npsumava.cz\/en\/home\/"},{"@type":"ListItem","position":2,"name":"Home","item":"https:\/\/splouvani.npsumava.cz\/en\/home\/"},{"@type":"ListItem","position":3,"name":"Rafting terms and conditions"}]},{"@type":"WebSite","@id":"https:\/\/splouvani.npsumava.cz\/#website","url":"https:\/\/splouvani.npsumava.cz\/","name":"Splouv\u00e1n\u00ed Vltavy","description":"Vodn\u00ed turistika na \u00fasec\u00edch \u0159ek Vltava, Otava a Vydra","publisher":{"@id":"https:\/\/splouvani.npsumava.cz\/#organization"},"potentialAction":[{"@type":"SearchAction","target":{"@type":"EntryPoint","urlTemplate":"https:\/\/splouvani.npsumava.cz\/?s={search_term_string}"},"query-input":"required name=search_term_string"}],"inLanguage":"en-US"},{"@type":"Organization","@id":"https:\/\/splouvani.npsumava.cz\/#organization","name":"Splouv\u00e1n\u00ed Vltavy","url":"https:\/\/splouvani.npsumava.cz\/","logo":{"@type":"ImageObject","inLanguage":"en-US","@id":"https:\/\/splouvani.npsumava.cz\/#\/schema\/logo\/image\/","url":"https:\/\/splouvani.npsumava.cz\/wp-content\/uploads\/2020\/02\/splouvani_vltavy-logo-1.jpg","contentUrl":"https:\/\/splouvani.npsumava.cz\/wp-content\/uploads\/2020\/02\/splouvani_vltavy-logo-1.jpg","width":111,"height":100,"caption":"Splouv\u00e1n\u00ed Vltavy"},"image":{"@id":"https:\/\/splouvani.npsumava.cz\/#\/schema\/logo\/image\/"}}]}},"_links":{"self":[{"href":"https:\/\/splouvani.npsumava.cz\/en\/wp-json\/wp\/v2\/pages\/80035"}],"collection":[{"href":"https:\/\/splouvani.npsumava.cz\/en\/wp-json\/wp\/v2\/pages"}],"about":[{"href":"https:\/\/splouvani.npsumava.cz\/en\/wp-json\/wp\/v2\/types\/page"}],"author":[{"embeddable":true,"href":"https:\/\/splouvani.npsumava.cz\/en\/wp-json\/wp\/v2\/users\/2"}],"replies":[{"embeddable":true,"href":"https:\/\/splouvani.npsumava.cz\/en\/wp-json\/wp\/v2\/comments?post=80035"}],"version-history":[{"count":5,"href":"https:\/\/splouvani.npsumava.cz\/en\/wp-json\/wp\/v2\/pages\/80035\/revisions"}],"predecessor-version":[{"id":80075,"href":"https:\/\/splouvani.npsumava.cz\/en\/wp-json\/wp\/v2\/pages\/80035\/revisions\/80075"}],"up":[{"embeddable":true,"href":"https:\/\/splouvani.npsumava.cz\/en\/wp-json\/wp\/v2\/pages\/21707"}],"wp:attachment":[{"href":"https:\/\/splouvani.npsumava.cz\/en\/wp-json\/wp\/v2\/media?parent=80035"}],"curies":[{"name":"wp","href":"https:\/\/api.w.org\/{rel}","templated":true}]}}