{"id":21733,"date":"2021-05-11T10:45:12","date_gmt":"2021-05-11T08:45:12","guid":{"rendered":"https:\/\/splouvani.npsumava.cz\/personal-data-protection-principles\/"},"modified":"2021-05-11T15:22:22","modified_gmt":"2021-05-11T13:22:22","slug":"personal-data-protection-principles","status":"publish","type":"page","link":"https:\/\/splouvani.npsumava.cz\/en\/personal-data-protection-principles\/","title":{"rendered":"Personal Data Protection Principles"},"content":{"rendered":"\r\n<p><strong>BASIC SUMMARY<\/strong><\/p>\r\n<p>This consent to the processing of your personal data is given to the company \u0160umava National Park Administration (<em>Spr\u00e1va N\u00e1rodn\u00edho parku \u0160umava<\/em>) for the purposes of sending commercial communications (marketing offers) and for other marketing activities in relation to you. You can cancel your consent at any time, and we will not send you any commercial communications afterwards. More detailed information about the processing of your personal data is detailed below.<\/p>\r\n<ol>\r\n<li><strong> IDENTITY AND CONTACT INFORMATION OF THE CONTROLLER<\/strong><\/li>\r\n<\/ol>\r\n<p>1.1. The controller of your personal data is the business corporation \u0160umava National Park Administration, with its registered office at 1.\u00a0m\u00e1je 260, CZ-38501 Vimperk, Czech Republic, Business Identification Number: 00583171, registered in the Companies Register maintained by \u2026 (hereinafter the \u201cController\u201d).<\/p>\r\n<p>1.2. The Controller\u2019s contact information is: mailing address \u2013 \u0160umava National Park Administration, 1.\u00a0m\u00e1je 260, CZ-38501 Vimperk, Czech Republic; e-mail address: isstozec@npsumava.cz; telephone number: +420\u00a0388\u00a0450\u00a0111.<\/p>\r\n<p>1.3. The Controller has a designated data protection officer. Contact: Ing. Jaroslav Stuchl\u00fd, tel.: +420\u00a0774\u00a0233\u00a0045, e-mail: jaroslav.stuchly@be-mi.cz.<\/p>\r\n<ol start=\"2\">\r\n<li><strong> LEGAL BASIS FOR THE PROCESSING OF PERSONAL DATA<\/strong><\/li>\r\n<\/ol>\r\n<p>2.1. The legal basis for the processing of your personal data is your consent given hereby to the Controller within the meaning of Art. 6\/1\/a) of the Regulation (EU) 2016\/679 of the European Parliament and of the Council on the Protection of natural persons with regard to the processing of personal data and on the free movement of such data, and repealing Directive\u00a095\/46\/EC (General Data Protection Regulation) (hereinafter the \u201cRegulation\u201d).<\/p>\r\n<ol start=\"3\">\r\n<li><strong>PURPOSE OF THE PROCESSING OF PERSONAL DATA<\/strong><\/li>\r\n<\/ol>\r\n<p>3.1.\u00a0Your personal data are processed by us for the purpose of sending commercial communications and for other marketing activities by the Controller in relation to you.<\/p>\r\n<p>3.2. No automated individual decision-making within the meaning of Art. 22 of the Regulation is performed by the Controller.<\/p>\r\n<ol start=\"4\">\r\n<li><strong> PERSONAL DATA STORAGE PERIOD<\/strong><\/li>\r\n<\/ol>\r\n<p>4.1. Your personal data will be stored by the Controller for the period of 1 (one) year from your registration or purchase, but at the latest until you withdraw your consent to the processing of personal data (for this purpose of processing).<\/p>\r\n<ol start=\"5\">\r\n<li><strong> OTHER RECIPIENTS OF PERSONAL DATA<\/strong><\/li>\r\n<\/ol>\r\n<p>5.1. Your personal data will not be made available to any other recipients.<\/p>\r\n<p>5.2. The Controller does not intend to hand over your personal data to any third country (non-EU country) or international organisation.<\/p>\r\n<ol start=\"6\">\r\n<li><strong> RIGHTS OF THE DATA SUBJECT<\/strong><\/li>\r\n<\/ol>\r\n<p>6.1. Under the conditions specified in the Regulation, you have the right to require access to your personal data; the right to rectification or erasure of your personal data; the right to require the restriction of processing of your personal data; the right to object to the processing of your personal data; and the right to data portability.<\/p>\r\n<p>6.2. You have the right to withdraw, at any time, your consent regarding the processing of your personal data, previously given to the Controller. This, however, does not affect the lawfulness of the processing of your personal data before the withdrawal. You can withdraw your consent to the processing of personal data by sending an e-mail to: isstozec@npsumava.cz.<\/p>\r\n<p>6.3. If you think the processing of your personal data has violated or is violating the Regulation, you have the right, for instance, to lodge a complaint with the supervisory authority.<\/p>\r\n<p>6.4. You have no obligation to provide your personal data. The provision of your personal data is not a legal or contractual requirement, nor it is a requirement that is necessary to conclude the contract.<\/p>\r\n<p>6.5. You have the right to object, at any time, to the processing of your personal data for the purposes of direct marketing, including profiling, to the extent that it is related to such direct marketing. If you object to the processing of your personal data for the purposes of direct marketing, your personal data will not be processed for these purposes anymore.<\/p>\r\n<p>&nbsp;<\/p>\r\n","protected":false},"excerpt":{"rendered":"<p>BASIC SUMMARY This consent to the processing of your personal data is given to the company \u0160umava National Park Administration (Spr\u00e1va N\u00e1rodn\u00edho parku \u0160umava) for the purposes of sending commercial communications (marketing offers) and for other marketing activities in relation to you. You can cancel your consent at any time, and we will not send [&hellip;]<\/p>\n","protected":false},"author":1,"featured_media":0,"parent":0,"menu_order":0,"comment_status":"closed","ping_status":"open","template":"","meta":[],"acf":[],"yoast_head":"<!-- This site is optimized with the Yoast SEO plugin v20.4 - https:\/\/yoast.com\/wordpress\/plugins\/seo\/ -->\n<title>Personal Data Protection Principles | Splouv\u00e1n\u00ed Vltavy<\/title>\n<meta name=\"robots\" content=\"index, follow, max-snippet:-1, max-image-preview:large, max-video-preview:-1\" \/>\n<link rel=\"canonical\" href=\"https:\/\/splouvani.npsumava.cz\/en\/personal-data-protection-principles\/\" \/>\n<meta property=\"og:locale\" content=\"en_US\" \/>\n<meta property=\"og:type\" content=\"article\" \/>\n<meta property=\"og:title\" content=\"Personal Data Protection Principles | Splouv\u00e1n\u00ed Vltavy\" \/>\n<meta property=\"og:description\" content=\"BASIC SUMMARY This consent to the processing of your personal data is given to the company \u0160umava National Park Administration (Spr\u00e1va N\u00e1rodn\u00edho parku \u0160umava) for the purposes of sending commercial communications (marketing offers) and for other marketing activities in relation to you. You can cancel your consent at any time, and we will not send [&hellip;]\" \/>\n<meta property=\"og:url\" content=\"https:\/\/splouvani.npsumava.cz\/en\/personal-data-protection-principles\/\" \/>\n<meta property=\"og:site_name\" content=\"Splouv\u00e1n\u00ed Vltavy\" \/>\n<meta property=\"article:modified_time\" content=\"2021-05-11T13:22:22+00:00\" \/>\n<meta property=\"og:image\" content=\"https:\/\/splouvani.npsumava.cz\/wp-content\/uploads\/2020\/02\/splouvani_vltavy-logo-1.jpg\" \/>\n\t<meta property=\"og:image:width\" content=\"111\" \/>\n\t<meta property=\"og:image:height\" content=\"100\" \/>\n\t<meta property=\"og:image:type\" content=\"image\/jpeg\" \/>\n<meta name=\"twitter:card\" content=\"summary_large_image\" \/>\n<meta name=\"twitter:label1\" content=\"Est. reading time\" \/>\n\t<meta name=\"twitter:data1\" content=\"3 minutes\" \/>\n<script type=\"application\/ld+json\" class=\"yoast-schema-graph\">{\"@context\":\"https:\/\/schema.org\",\"@graph\":[{\"@type\":\"WebPage\",\"@id\":\"https:\/\/splouvani.npsumava.cz\/en\/personal-data-protection-principles\/\",\"url\":\"https:\/\/splouvani.npsumava.cz\/en\/personal-data-protection-principles\/\",\"name\":\"Personal Data Protection Principles | Splouv\u00e1n\u00ed Vltavy\",\"isPartOf\":{\"@id\":\"https:\/\/splouvani.npsumava.cz\/#website\"},\"datePublished\":\"2021-05-11T08:45:12+00:00\",\"dateModified\":\"2021-05-11T13:22:22+00:00\",\"breadcrumb\":{\"@id\":\"https:\/\/splouvani.npsumava.cz\/en\/personal-data-protection-principles\/#breadcrumb\"},\"inLanguage\":\"en-US\",\"potentialAction\":[{\"@type\":\"ReadAction\",\"target\":[\"https:\/\/splouvani.npsumava.cz\/en\/personal-data-protection-principles\/\"]}]},{\"@type\":\"BreadcrumbList\",\"@id\":\"https:\/\/splouvani.npsumava.cz\/en\/personal-data-protection-principles\/#breadcrumb\",\"itemListElement\":[{\"@type\":\"ListItem\",\"position\":1,\"name\":\"Dom\u016f\",\"item\":\"https:\/\/splouvani.npsumava.cz\/en\/home\/\"},{\"@type\":\"ListItem\",\"position\":2,\"name\":\"Personal Data Protection Principles\"}]},{\"@type\":\"WebSite\",\"@id\":\"https:\/\/splouvani.npsumava.cz\/#website\",\"url\":\"https:\/\/splouvani.npsumava.cz\/\",\"name\":\"Splouv\u00e1n\u00ed Vltavy\",\"description\":\"Vodn\u00ed turistika na \u00fasec\u00edch \u0159ek Vltava, Otava a Vydra\",\"publisher\":{\"@id\":\"https:\/\/splouvani.npsumava.cz\/#organization\"},\"potentialAction\":[{\"@type\":\"SearchAction\",\"target\":{\"@type\":\"EntryPoint\",\"urlTemplate\":\"https:\/\/splouvani.npsumava.cz\/?s={search_term_string}\"},\"query-input\":\"required name=search_term_string\"}],\"inLanguage\":\"en-US\"},{\"@type\":\"Organization\",\"@id\":\"https:\/\/splouvani.npsumava.cz\/#organization\",\"name\":\"Splouv\u00e1n\u00ed Vltavy\",\"url\":\"https:\/\/splouvani.npsumava.cz\/\",\"logo\":{\"@type\":\"ImageObject\",\"inLanguage\":\"en-US\",\"@id\":\"https:\/\/splouvani.npsumava.cz\/#\/schema\/logo\/image\/\",\"url\":\"https:\/\/splouvani.npsumava.cz\/wp-content\/uploads\/2020\/02\/splouvani_vltavy-logo-1.jpg\",\"contentUrl\":\"https:\/\/splouvani.npsumava.cz\/wp-content\/uploads\/2020\/02\/splouvani_vltavy-logo-1.jpg\",\"width\":111,\"height\":100,\"caption\":\"Splouv\u00e1n\u00ed Vltavy\"},\"image\":{\"@id\":\"https:\/\/splouvani.npsumava.cz\/#\/schema\/logo\/image\/\"}}]}<\/script>\n<!-- \/ Yoast SEO plugin. -->","yoast_head_json":{"title":"Personal Data Protection Principles | Splouv\u00e1n\u00ed Vltavy","robots":{"index":"index","follow":"follow","max-snippet":"max-snippet:-1","max-image-preview":"max-image-preview:large","max-video-preview":"max-video-preview:-1"},"canonical":"https:\/\/splouvani.npsumava.cz\/en\/personal-data-protection-principles\/","og_locale":"en_US","og_type":"article","og_title":"Personal Data Protection Principles | Splouv\u00e1n\u00ed Vltavy","og_description":"BASIC SUMMARY This consent to the processing of your personal data is given to the company \u0160umava National Park Administration (Spr\u00e1va N\u00e1rodn\u00edho parku \u0160umava) for the purposes of sending commercial communications (marketing offers) and for other marketing activities in relation to you. You can cancel your consent at any time, and we will not send [&hellip;]","og_url":"https:\/\/splouvani.npsumava.cz\/en\/personal-data-protection-principles\/","og_site_name":"Splouv\u00e1n\u00ed Vltavy","article_modified_time":"2021-05-11T13:22:22+00:00","og_image":[{"width":111,"height":100,"url":"https:\/\/splouvani.npsumava.cz\/wp-content\/uploads\/2020\/02\/splouvani_vltavy-logo-1.jpg","type":"image\/jpeg"}],"twitter_card":"summary_large_image","twitter_misc":{"Est. reading time":"3 minutes"},"schema":{"@context":"https:\/\/schema.org","@graph":[{"@type":"WebPage","@id":"https:\/\/splouvani.npsumava.cz\/en\/personal-data-protection-principles\/","url":"https:\/\/splouvani.npsumava.cz\/en\/personal-data-protection-principles\/","name":"Personal Data Protection Principles | Splouv\u00e1n\u00ed Vltavy","isPartOf":{"@id":"https:\/\/splouvani.npsumava.cz\/#website"},"datePublished":"2021-05-11T08:45:12+00:00","dateModified":"2021-05-11T13:22:22+00:00","breadcrumb":{"@id":"https:\/\/splouvani.npsumava.cz\/en\/personal-data-protection-principles\/#breadcrumb"},"inLanguage":"en-US","potentialAction":[{"@type":"ReadAction","target":["https:\/\/splouvani.npsumava.cz\/en\/personal-data-protection-principles\/"]}]},{"@type":"BreadcrumbList","@id":"https:\/\/splouvani.npsumava.cz\/en\/personal-data-protection-principles\/#breadcrumb","itemListElement":[{"@type":"ListItem","position":1,"name":"Dom\u016f","item":"https:\/\/splouvani.npsumava.cz\/en\/home\/"},{"@type":"ListItem","position":2,"name":"Personal Data Protection Principles"}]},{"@type":"WebSite","@id":"https:\/\/splouvani.npsumava.cz\/#website","url":"https:\/\/splouvani.npsumava.cz\/","name":"Splouv\u00e1n\u00ed Vltavy","description":"Vodn\u00ed turistika na \u00fasec\u00edch \u0159ek Vltava, Otava a Vydra","publisher":{"@id":"https:\/\/splouvani.npsumava.cz\/#organization"},"potentialAction":[{"@type":"SearchAction","target":{"@type":"EntryPoint","urlTemplate":"https:\/\/splouvani.npsumava.cz\/?s={search_term_string}"},"query-input":"required name=search_term_string"}],"inLanguage":"en-US"},{"@type":"Organization","@id":"https:\/\/splouvani.npsumava.cz\/#organization","name":"Splouv\u00e1n\u00ed Vltavy","url":"https:\/\/splouvani.npsumava.cz\/","logo":{"@type":"ImageObject","inLanguage":"en-US","@id":"https:\/\/splouvani.npsumava.cz\/#\/schema\/logo\/image\/","url":"https:\/\/splouvani.npsumava.cz\/wp-content\/uploads\/2020\/02\/splouvani_vltavy-logo-1.jpg","contentUrl":"https:\/\/splouvani.npsumava.cz\/wp-content\/uploads\/2020\/02\/splouvani_vltavy-logo-1.jpg","width":111,"height":100,"caption":"Splouv\u00e1n\u00ed Vltavy"},"image":{"@id":"https:\/\/splouvani.npsumava.cz\/#\/schema\/logo\/image\/"}}]}},"_links":{"self":[{"href":"https:\/\/splouvani.npsumava.cz\/en\/wp-json\/wp\/v2\/pages\/21733"}],"collection":[{"href":"https:\/\/splouvani.npsumava.cz\/en\/wp-json\/wp\/v2\/pages"}],"about":[{"href":"https:\/\/splouvani.npsumava.cz\/en\/wp-json\/wp\/v2\/types\/page"}],"author":[{"embeddable":true,"href":"https:\/\/splouvani.npsumava.cz\/en\/wp-json\/wp\/v2\/users\/1"}],"replies":[{"embeddable":true,"href":"https:\/\/splouvani.npsumava.cz\/en\/wp-json\/wp\/v2\/comments?post=21733"}],"version-history":[{"count":0,"href":"https:\/\/splouvani.npsumava.cz\/en\/wp-json\/wp\/v2\/pages\/21733\/revisions"}],"wp:attachment":[{"href":"https:\/\/splouvani.npsumava.cz\/en\/wp-json\/wp\/v2\/media?parent=21733"}],"curies":[{"name":"wp","href":"https:\/\/api.w.org\/{rel}","templated":true}]}}