{"id":21674,"date":"2021-05-03T17:49:45","date_gmt":"2021-05-03T15:49:45","guid":{"rendered":"https:\/\/splouvani.npsumava.cz\/contacts\/"},"modified":"2021-05-03T17:49:46","modified_gmt":"2021-05-03T15:49:46","slug":"contacts","status":"publish","type":"page","link":"https:\/\/splouvani.npsumava.cz\/en\/contacts\/","title":{"rendered":"Contacts"},"content":{"rendered":"\t\t<div data-elementor-type=\"wp-page\" data-elementor-id=\"21674\" class=\"elementor elementor-21674 elementor-65\">\n\t\t\t\t\t\t<div class=\"elementor-inner\">\n\t\t\t\t<div class=\"elementor-section-wrap\">\n\t\t\t\t\t\t\t\t\t<section class=\"elementor-section elementor-top-section elementor-element elementor-element-78b3e7fa elementor-section-boxed elementor-section-height-default elementor-section-height-default\" data-id=\"78b3e7fa\" data-element_type=\"section\">\n\t\t\t\t\t\t<div class=\"elementor-container elementor-column-gap-default\">\n\t\t\t\t\t\t\t<div class=\"elementor-row\">\n\t\t\t\t\t<div class=\"elementor-column elementor-col-100 elementor-top-column elementor-element elementor-element-387c1838\" data-id=\"387c1838\" data-element_type=\"column\">\n\t\t\t<div class=\"elementor-column-wrap elementor-element-populated\">\n\t\t\t\t\t\t\t<div class=\"elementor-widget-wrap\">\n\t\t\t\t\t\t<div class=\"elementor-element elementor-element-5c910e2b elementor-widget elementor-widget-heading\" data-id=\"5c910e2b\" data-element_type=\"widget\" data-widget_type=\"heading.default\">\n\t\t\t\t<div class=\"elementor-widget-container\">\n\t\t\t<h1 class=\"elementor-heading-title elementor-size-default\">Contacts<\/h1>\t\t<\/div>\n\t\t\t\t<\/div>\n\t\t\t\t\t\t<\/div>\n\t\t\t\t\t<\/div>\n\t\t<\/div>\n\t\t\t\t\t\t\t\t<\/div>\n\t\t\t\t\t<\/div>\n\t\t<\/section>\n\t\t\t\t<section class=\"elementor-section elementor-top-section elementor-element elementor-element-af04f96 elementor-section-boxed elementor-section-height-default elementor-section-height-default\" data-id=\"af04f96\" data-element_type=\"section\">\n\t\t\t\t\t\t<div class=\"elementor-container elementor-column-gap-default\">\n\t\t\t\t\t\t\t<div class=\"elementor-row\">\n\t\t\t\t\t<div class=\"elementor-column elementor-col-50 elementor-top-column elementor-element elementor-element-80b9b86\" data-id=\"80b9b86\" data-element_type=\"column\">\n\t\t\t<div class=\"elementor-column-wrap elementor-element-populated\">\n\t\t\t\t\t\t\t<div class=\"elementor-widget-wrap\">\n\t\t\t\t\t\t<div class=\"elementor-element elementor-element-3aeac45 elementor-widget elementor-widget-text-editor\" data-id=\"3aeac45\" data-element_type=\"widget\" data-widget_type=\"text-editor.default\">\n\t\t\t\t<div class=\"elementor-widget-container\">\n\t\t\t\t\t\t\t\t<div class=\"elementor-text-editor elementor-clearfix\">\n\t\t\t\t<p><strong>Opening hours:<\/strong><br \/>\nMay (weekends, holidays), June\u2013October (daily) 7:30 am \u2013 4:30 pm<\/p>\n<p><strong>Telephone:<\/strong>\u00a0<a href=\"tel:+420731530418\">+420 731 530 418<\/a><br \/>\n<strong>E-mail:<\/strong>\u00a0<a href=\"mailto:splouvani.vltava@npsumava.cz\">splouvani.vltava@npsumava.cz<\/a><\/p>\n<p><strong>Outside the opening hours: <\/strong>\u00a0Sto\u017eec Information Centre<br \/>\n<strong>Telephone:<\/strong>\u00a0<a href=\"tel:+420388335014\">+420 388\u00a0335\u00a0014<\/a>, <a href=\"tel:+420731530418\">+420\u00a0731\u00a0530\u00a0418<\/a><br \/>\n<strong>E-mail:<\/strong>\u00a0<a href=\"mailto:isstozec@npsumava.cz\">isstozec@npsumava.cz<\/a><\/p>\n<p>Primary website: <a href=\"https:\/\/www.npsumava.cz\/\" target=\"_blank\" rel=\"noopener\">https:\/\/www.npsumava.cz<\/a><\/p>\n\t\t\t\t\t<\/div>\n\t\t\t\t\t\t<\/div>\n\t\t\t\t<\/div>\n\t\t\t\t<div class=\"elementor-element elementor-element-c3c7efe elementor-widget elementor-widget-text-editor\" data-id=\"c3c7efe\" data-element_type=\"widget\" data-widget_type=\"text-editor.default\">\n\t\t\t\t<div class=\"elementor-widget-container\">\n\t\t\t\t\t\t\t\t<div class=\"elementor-text-editor elementor-clearfix\">\n\t\t\t\t<p><img decoding=\"async\" loading=\"lazy\" class=\"alignnone size-full wp-image-222\" src=\"https:\/\/splouvani.npsumava.cz\/wp-content\/uploads\/2020\/02\/splouvani_vltavy-logo-1.jpg\" alt=\"\" width=\"111\" height=\"100\" \/><a href=\"https:\/\/www.npsumava.cz\/\"><img decoding=\"async\" loading=\"lazy\" class=\"alignnone wp-image-16 size-full\" src=\"https:\/\/splouvani.npsumava.cz\/wp-content\/uploads\/2020\/02\/nps-logo.jpg\" alt=\"\" width=\"100\" height=\"100\" \/><\/a><\/p>\n\t\t\t\t\t<\/div>\n\t\t\t\t\t\t<\/div>\n\t\t\t\t<\/div>\n\t\t\t\t\t\t<\/div>\n\t\t\t\t\t<\/div>\n\t\t<\/div>\n\t\t\t\t<div class=\"elementor-column elementor-col-50 elementor-top-column elementor-element elementor-element-25667a1\" data-id=\"25667a1\" data-element_type=\"column\">\n\t\t\t<div class=\"elementor-column-wrap elementor-element-populated\">\n\t\t\t\t\t\t\t<div class=\"elementor-widget-wrap\">\n\t\t\t\t\t\t<div class=\"elementor-element elementor-element-928fba6 elementor-widget elementor-widget-image\" data-id=\"928fba6\" data-element_type=\"widget\" data-widget_type=\"image.default\">\n\t\t\t\t<div class=\"elementor-widget-container\">\n\t\t\t\t\t\t\t\t<div class=\"elementor-image\">\n\t\t\t\t\t\t\t\t\t\t\t\t<img decoding=\"async\" width=\"405\" height=\"299\" src=\"https:\/\/splouvani.npsumava.cz\/wp-content\/uploads\/2020\/02\/planek.png\" class=\"attachment-large size-large wp-image-218\" alt=\"\" loading=\"lazy\" srcset=\"https:\/\/splouvani.npsumava.cz\/wp-content\/uploads\/2020\/02\/planek.png 405w, https:\/\/splouvani.npsumava.cz\/wp-content\/uploads\/2020\/02\/planek-300x221.png 300w\" sizes=\"(max-width: 405px) 100vw, 405px\" \/>\t\t\t\t\t\t\t\t\t\t\t\t\t\t<\/div>\n\t\t\t\t\t\t<\/div>\n\t\t\t\t<\/div>\n\t\t\t\t\t\t<\/div>\n\t\t\t\t\t<\/div>\n\t\t<\/div>\n\t\t\t\t\t\t\t\t<\/div>\n\t\t\t\t\t<\/div>\n\t\t<\/section>\n\t\t\t\t\t\t\t\t\t<\/div>\n\t\t\t<\/div>\n\t\t\t\t\t<\/div>\n\t\t","protected":false},"excerpt":{"rendered":"<p>Contacts Opening hours: May (weekends, holidays), June\u2013October (daily) 7:30 am \u2013 4:30 pm Telephone:\u00a0+420 731 530 418 E-mail:\u00a0splouvani.vltava@npsumava.cz Outside the opening hours: \u00a0Sto\u017eec Information Centre Telephone:\u00a0+420 388\u00a0335\u00a0014, +420\u00a0731\u00a0530\u00a0418 E-mail:\u00a0isstozec@npsumava.cz Primary website: https:\/\/www.npsumava.cz<\/p>\n","protected":false},"author":1,"featured_media":0,"parent":0,"menu_order":0,"comment_status":"closed","ping_status":"closed","template":"","meta":[],"acf":[],"yoast_head":"<!-- This site is optimized with the Yoast SEO plugin v20.4 - https:\/\/yoast.com\/wordpress\/plugins\/seo\/ -->\n<title>Contacts | Splouv\u00e1n\u00ed Vltavy<\/title>\n<meta name=\"description\" content=\"M\u00e1te z\u00e1jem o splouv\u00e1n\u00ed \u0159eky Vltavy? Vyu\u017eijte rezerva\u010dn\u00edho syst\u00e9mu nebo n\u00e1m zavolejte na +420 731 530 418 \u010di pi\u0161te na splouvani.vltava@npsumava.cz\" \/>\n<meta name=\"robots\" content=\"index, follow, max-snippet:-1, max-image-preview:large, max-video-preview:-1\" \/>\n<link rel=\"canonical\" href=\"https:\/\/splouvani.npsumava.cz\/en\/contacts\/\" \/>\n<meta property=\"og:locale\" content=\"en_US\" \/>\n<meta property=\"og:type\" content=\"article\" \/>\n<meta property=\"og:title\" content=\"Contacts | Splouv\u00e1n\u00ed Vltavy\" \/>\n<meta property=\"og:description\" content=\"M\u00e1te z\u00e1jem o splouv\u00e1n\u00ed \u0159eky Vltavy? Vyu\u017eijte rezerva\u010dn\u00edho syst\u00e9mu nebo n\u00e1m zavolejte na +420 731 530 418 \u010di pi\u0161te na splouvani.vltava@npsumava.cz\" \/>\n<meta property=\"og:url\" content=\"https:\/\/splouvani.npsumava.cz\/en\/contacts\/\" \/>\n<meta property=\"og:site_name\" content=\"Splouv\u00e1n\u00ed Vltavy\" \/>\n<meta property=\"article:modified_time\" content=\"2021-05-03T15:49:46+00:00\" \/>\n<meta property=\"og:image\" content=\"https:\/\/splouvani.npsumava.cz\/wp-content\/uploads\/2020\/02\/splouvani_vltavy-logo-1.jpg\" \/>\n<meta name=\"twitter:card\" content=\"summary_large_image\" \/>\n<script type=\"application\/ld+json\" class=\"yoast-schema-graph\">{\"@context\":\"https:\/\/schema.org\",\"@graph\":[{\"@type\":\"WebPage\",\"@id\":\"https:\/\/splouvani.npsumava.cz\/en\/contacts\/\",\"url\":\"https:\/\/splouvani.npsumava.cz\/en\/contacts\/\",\"name\":\"Contacts | Splouv\u00e1n\u00ed Vltavy\",\"isPartOf\":{\"@id\":\"https:\/\/splouvani.npsumava.cz\/#website\"},\"datePublished\":\"2021-05-03T15:49:45+00:00\",\"dateModified\":\"2021-05-03T15:49:46+00:00\",\"description\":\"M\u00e1te z\u00e1jem o splouv\u00e1n\u00ed \u0159eky Vltavy? Vyu\u017eijte rezerva\u010dn\u00edho syst\u00e9mu nebo n\u00e1m zavolejte na +420 731 530 418 \u010di pi\u0161te na splouvani.vltava@npsumava.cz\",\"breadcrumb\":{\"@id\":\"https:\/\/splouvani.npsumava.cz\/en\/contacts\/#breadcrumb\"},\"inLanguage\":\"en-US\",\"potentialAction\":[{\"@type\":\"ReadAction\",\"target\":[\"https:\/\/splouvani.npsumava.cz\/en\/contacts\/\"]}]},{\"@type\":\"BreadcrumbList\",\"@id\":\"https:\/\/splouvani.npsumava.cz\/en\/contacts\/#breadcrumb\",\"itemListElement\":[{\"@type\":\"ListItem\",\"position\":1,\"name\":\"Dom\u016f\",\"item\":\"https:\/\/splouvani.npsumava.cz\/en\/home\/\"},{\"@type\":\"ListItem\",\"position\":2,\"name\":\"Contacts\"}]},{\"@type\":\"WebSite\",\"@id\":\"https:\/\/splouvani.npsumava.cz\/#website\",\"url\":\"https:\/\/splouvani.npsumava.cz\/\",\"name\":\"Splouv\u00e1n\u00ed Vltavy\",\"description\":\"Vodn\u00ed turistika na \u00fasec\u00edch \u0159ek Vltava, Otava a Vydra\",\"publisher\":{\"@id\":\"https:\/\/splouvani.npsumava.cz\/#organization\"},\"potentialAction\":[{\"@type\":\"SearchAction\",\"target\":{\"@type\":\"EntryPoint\",\"urlTemplate\":\"https:\/\/splouvani.npsumava.cz\/?s={search_term_string}\"},\"query-input\":\"required name=search_term_string\"}],\"inLanguage\":\"en-US\"},{\"@type\":\"Organization\",\"@id\":\"https:\/\/splouvani.npsumava.cz\/#organization\",\"name\":\"Splouv\u00e1n\u00ed Vltavy\",\"url\":\"https:\/\/splouvani.npsumava.cz\/\",\"logo\":{\"@type\":\"ImageObject\",\"inLanguage\":\"en-US\",\"@id\":\"https:\/\/splouvani.npsumava.cz\/#\/schema\/logo\/image\/\",\"url\":\"https:\/\/splouvani.npsumava.cz\/wp-content\/uploads\/2020\/02\/splouvani_vltavy-logo-1.jpg\",\"contentUrl\":\"https:\/\/splouvani.npsumava.cz\/wp-content\/uploads\/2020\/02\/splouvani_vltavy-logo-1.jpg\",\"width\":111,\"height\":100,\"caption\":\"Splouv\u00e1n\u00ed Vltavy\"},\"image\":{\"@id\":\"https:\/\/splouvani.npsumava.cz\/#\/schema\/logo\/image\/\"}}]}<\/script>\n<!-- \/ Yoast SEO plugin. -->","yoast_head_json":{"title":"Contacts | Splouv\u00e1n\u00ed Vltavy","description":"M\u00e1te z\u00e1jem o splouv\u00e1n\u00ed \u0159eky Vltavy? Vyu\u017eijte rezerva\u010dn\u00edho syst\u00e9mu nebo n\u00e1m zavolejte na +420 731 530 418 \u010di pi\u0161te na splouvani.vltava@npsumava.cz","robots":{"index":"index","follow":"follow","max-snippet":"max-snippet:-1","max-image-preview":"max-image-preview:large","max-video-preview":"max-video-preview:-1"},"canonical":"https:\/\/splouvani.npsumava.cz\/en\/contacts\/","og_locale":"en_US","og_type":"article","og_title":"Contacts | Splouv\u00e1n\u00ed Vltavy","og_description":"M\u00e1te z\u00e1jem o splouv\u00e1n\u00ed \u0159eky Vltavy? Vyu\u017eijte rezerva\u010dn\u00edho syst\u00e9mu nebo n\u00e1m zavolejte na +420 731 530 418 \u010di pi\u0161te na splouvani.vltava@npsumava.cz","og_url":"https:\/\/splouvani.npsumava.cz\/en\/contacts\/","og_site_name":"Splouv\u00e1n\u00ed Vltavy","article_modified_time":"2021-05-03T15:49:46+00:00","og_image":[{"url":"https:\/\/splouvani.npsumava.cz\/wp-content\/uploads\/2020\/02\/splouvani_vltavy-logo-1.jpg"}],"twitter_card":"summary_large_image","schema":{"@context":"https:\/\/schema.org","@graph":[{"@type":"WebPage","@id":"https:\/\/splouvani.npsumava.cz\/en\/contacts\/","url":"https:\/\/splouvani.npsumava.cz\/en\/contacts\/","name":"Contacts | Splouv\u00e1n\u00ed Vltavy","isPartOf":{"@id":"https:\/\/splouvani.npsumava.cz\/#website"},"datePublished":"2021-05-03T15:49:45+00:00","dateModified":"2021-05-03T15:49:46+00:00","description":"M\u00e1te z\u00e1jem o splouv\u00e1n\u00ed \u0159eky Vltavy? Vyu\u017eijte rezerva\u010dn\u00edho syst\u00e9mu nebo n\u00e1m zavolejte na +420 731 530 418 \u010di pi\u0161te na splouvani.vltava@npsumava.cz","breadcrumb":{"@id":"https:\/\/splouvani.npsumava.cz\/en\/contacts\/#breadcrumb"},"inLanguage":"en-US","potentialAction":[{"@type":"ReadAction","target":["https:\/\/splouvani.npsumava.cz\/en\/contacts\/"]}]},{"@type":"BreadcrumbList","@id":"https:\/\/splouvani.npsumava.cz\/en\/contacts\/#breadcrumb","itemListElement":[{"@type":"ListItem","position":1,"name":"Dom\u016f","item":"https:\/\/splouvani.npsumava.cz\/en\/home\/"},{"@type":"ListItem","position":2,"name":"Contacts"}]},{"@type":"WebSite","@id":"https:\/\/splouvani.npsumava.cz\/#website","url":"https:\/\/splouvani.npsumava.cz\/","name":"Splouv\u00e1n\u00ed Vltavy","description":"Vodn\u00ed turistika na \u00fasec\u00edch \u0159ek Vltava, Otava a Vydra","publisher":{"@id":"https:\/\/splouvani.npsumava.cz\/#organization"},"potentialAction":[{"@type":"SearchAction","target":{"@type":"EntryPoint","urlTemplate":"https:\/\/splouvani.npsumava.cz\/?s={search_term_string}"},"query-input":"required name=search_term_string"}],"inLanguage":"en-US"},{"@type":"Organization","@id":"https:\/\/splouvani.npsumava.cz\/#organization","name":"Splouv\u00e1n\u00ed Vltavy","url":"https:\/\/splouvani.npsumava.cz\/","logo":{"@type":"ImageObject","inLanguage":"en-US","@id":"https:\/\/splouvani.npsumava.cz\/#\/schema\/logo\/image\/","url":"https:\/\/splouvani.npsumava.cz\/wp-content\/uploads\/2020\/02\/splouvani_vltavy-logo-1.jpg","contentUrl":"https:\/\/splouvani.npsumava.cz\/wp-content\/uploads\/2020\/02\/splouvani_vltavy-logo-1.jpg","width":111,"height":100,"caption":"Splouv\u00e1n\u00ed Vltavy"},"image":{"@id":"https:\/\/splouvani.npsumava.cz\/#\/schema\/logo\/image\/"}}]}},"_links":{"self":[{"href":"https:\/\/splouvani.npsumava.cz\/en\/wp-json\/wp\/v2\/pages\/21674"}],"collection":[{"href":"https:\/\/splouvani.npsumava.cz\/en\/wp-json\/wp\/v2\/pages"}],"about":[{"href":"https:\/\/splouvani.npsumava.cz\/en\/wp-json\/wp\/v2\/types\/page"}],"author":[{"embeddable":true,"href":"https:\/\/splouvani.npsumava.cz\/en\/wp-json\/wp\/v2\/users\/1"}],"replies":[{"embeddable":true,"href":"https:\/\/splouvani.npsumava.cz\/en\/wp-json\/wp\/v2\/comments?post=21674"}],"version-history":[{"count":0,"href":"https:\/\/splouvani.npsumava.cz\/en\/wp-json\/wp\/v2\/pages\/21674\/revisions"}],"wp:attachment":[{"href":"https:\/\/splouvani.npsumava.cz\/en\/wp-json\/wp\/v2\/media?parent=21674"}],"curies":[{"name":"wp","href":"https:\/\/api.w.org\/{rel}","templated":true}]}}