{"id":21670,"date":"2021-05-03T17:42:52","date_gmt":"2021-05-03T15:42:52","guid":{"rendered":"https:\/\/splouvani.npsumava.cz\/rules-and-information\/precautions-for-paddlers\/"},"modified":"2021-05-03T17:45:28","modified_gmt":"2021-05-03T15:45:28","slug":"precautions-for-paddlers","status":"publish","type":"page","link":"https:\/\/splouvani.npsumava.cz\/en\/rules-and-information\/precautions-for-paddlers\/","title":{"rendered":"Precautions for Paddlers"},"content":{"rendered":"\t\t<div data-elementor-type=\"wp-page\" data-elementor-id=\"21670\" class=\"elementor elementor-21670 elementor-163\">\n\t\t\t\t\t\t<div class=\"elementor-inner\">\n\t\t\t\t<div class=\"elementor-section-wrap\">\n\t\t\t\t\t\t\t\t\t<section class=\"elementor-section elementor-top-section elementor-element elementor-element-485be6bf elementor-section-boxed elementor-section-height-default elementor-section-height-default\" data-id=\"485be6bf\" data-element_type=\"section\">\n\t\t\t\t\t\t<div class=\"elementor-container elementor-column-gap-default\">\n\t\t\t\t\t\t\t<div class=\"elementor-row\">\n\t\t\t\t\t<div class=\"elementor-column elementor-col-100 elementor-top-column elementor-element elementor-element-54182b51\" data-id=\"54182b51\" data-element_type=\"column\">\n\t\t\t<div class=\"elementor-column-wrap elementor-element-populated\">\n\t\t\t\t\t\t\t<div class=\"elementor-widget-wrap\">\n\t\t\t\t\t\t<div class=\"elementor-element elementor-element-63b944 elementor-widget elementor-widget-heading\" data-id=\"63b944\" data-element_type=\"widget\" data-widget_type=\"heading.default\">\n\t\t\t\t<div class=\"elementor-widget-container\">\n\t\t\t<h1 class=\"elementor-heading-title elementor-size-default\">Precautions for Paddlers<\/h1>\t\t<\/div>\n\t\t\t\t<\/div>\n\t\t\t\t\t\t<\/div>\n\t\t\t\t\t<\/div>\n\t\t<\/div>\n\t\t\t\t\t\t\t\t<\/div>\n\t\t\t\t\t<\/div>\n\t\t<\/section>\n\t\t\t\t<section class=\"elementor-section elementor-top-section elementor-element elementor-element-52ceb05 elementor-section-boxed elementor-section-height-default elementor-section-height-default\" data-id=\"52ceb05\" data-element_type=\"section\">\n\t\t\t\t\t\t<div class=\"elementor-container elementor-column-gap-default\">\n\t\t\t\t\t\t\t<div class=\"elementor-row\">\n\t\t\t\t\t<div class=\"elementor-column elementor-col-100 elementor-top-column elementor-element elementor-element-366e9b8\" data-id=\"366e9b8\" data-element_type=\"column\">\n\t\t\t<div class=\"elementor-column-wrap elementor-element-populated\">\n\t\t\t\t\t\t\t<div class=\"elementor-widget-wrap\">\n\t\t\t\t\t\t<div class=\"elementor-element elementor-element-1b3a517 elementor-icon-list--layout-traditional elementor-list-item-link-full_width elementor-widget elementor-widget-icon-list\" data-id=\"1b3a517\" data-element_type=\"widget\" data-widget_type=\"icon-list.default\">\n\t\t\t\t<div class=\"elementor-widget-container\">\n\t\t\t\t\t<ul class=\"elementor-icon-list-items\">\n\t\t\t\t\t\t\t<li class=\"elementor-icon-list-item\">\n\t\t\t\t\t\t\t\t\t\t\t<span class=\"elementor-icon-list-icon\">\n\t\t\t\t\t\t\t<i aria-hidden=\"true\" class=\"fas fa-check\"><\/i>\t\t\t\t\t\t<\/span>\n\t\t\t\t\t\t\t\t\t\t<span class=\"elementor-icon-list-text\">Follow the flowline, one vessel after another; avoid shallow water;<\/span>\n\t\t\t\t\t\t\t\t\t<\/li>\n\t\t\t\t\t\t\t\t<li class=\"elementor-icon-list-item\">\n\t\t\t\t\t\t\t\t\t\t\t<span class=\"elementor-icon-list-icon\">\n\t\t\t\t\t\t\t<i aria-hidden=\"true\" class=\"fas fa-check\"><\/i>\t\t\t\t\t\t<\/span>\n\t\t\t\t\t\t\t\t\t\t<span class=\"elementor-icon-list-text\">Avoid catching up with other groups \u2013 keep to the timetable;<\/span>\n\t\t\t\t\t\t\t\t\t<\/li>\n\t\t\t\t\t\t\t\t<li class=\"elementor-icon-list-item\">\n\t\t\t\t\t\t\t\t\t\t\t<span class=\"elementor-icon-list-icon\">\n\t\t\t\t\t\t\t<i aria-hidden=\"true\" class=\"fas fa-check\"><\/i>\t\t\t\t\t\t<\/span>\n\t\t\t\t\t\t\t\t\t\t<span class=\"elementor-icon-list-text\">Do not damage the riverbed by paddle;<\/span>\n\t\t\t\t\t\t\t\t\t<\/li>\n\t\t\t\t\t\t\t\t<li class=\"elementor-icon-list-item\">\n\t\t\t\t\t\t\t\t\t\t\t<span class=\"elementor-icon-list-icon\">\n\t\t\t\t\t\t\t<i aria-hidden=\"true\" class=\"fas fa-check\"><\/i>\t\t\t\t\t\t<\/span>\n\t\t\t\t\t\t\t\t\t\t<span class=\"elementor-icon-list-text\">Do not pick aquatic plants or other plants near the river;<\/span>\n\t\t\t\t\t\t\t\t\t<\/li>\n\t\t\t\t\t\t\t\t<li class=\"elementor-icon-list-item\">\n\t\t\t\t\t\t\t\t\t\t\t<span class=\"elementor-icon-list-icon\">\n\t\t\t\t\t\t\t<i aria-hidden=\"true\" class=\"fas fa-check\"><\/i>\t\t\t\t\t\t<\/span>\n\t\t\t\t\t\t\t\t\t\t<span class=\"elementor-icon-list-text\">Ensure you and your children raft quietly, do not disturb the animals living there;<\/span>\n\t\t\t\t\t\t\t\t\t<\/li>\n\t\t\t\t\t\t\t\t<li class=\"elementor-icon-list-item\">\n\t\t\t\t\t\t\t\t\t\t\t<span class=\"elementor-icon-list-icon\">\n\t\t\t\t\t\t\t<i aria-hidden=\"true\" class=\"fas fa-check\"><\/i>\t\t\t\t\t\t<\/span>\n\t\t\t\t\t\t\t\t\t\t<span class=\"elementor-icon-list-text\">Only leave vessels at designated rest stations;<\/span>\n\t\t\t\t\t\t\t\t\t<\/li>\n\t\t\t\t\t\t\t\t<li class=\"elementor-icon-list-item\">\n\t\t\t\t\t\t\t\t\t\t\t<span class=\"elementor-icon-list-icon\">\n\t\t\t\t\t\t\t<i aria-hidden=\"true\" class=\"fas fa-check\"><\/i>\t\t\t\t\t\t<\/span>\n\t\t\t\t\t\t\t\t\t\t<span class=\"elementor-icon-list-text\">Take your waste with you when leaving;<\/span>\n\t\t\t\t\t\t\t\t\t<\/li>\n\t\t\t\t\t\t\t\t<li class=\"elementor-icon-list-item\">\n\t\t\t\t\t\t\t\t\t\t\t<span class=\"elementor-icon-list-icon\">\n\t\t\t\t\t\t\t<i aria-hidden=\"true\" class=\"fas fa-check\"><\/i>\t\t\t\t\t\t<\/span>\n\t\t\t\t\t\t\t\t\t\t<span class=\"elementor-icon-list-text\">Avoid unnecessary wading and swimming in the river;<\/span>\n\t\t\t\t\t\t\t\t\t<\/li>\n\t\t\t\t\t\t\t\t<li class=\"elementor-icon-list-item\">\n\t\t\t\t\t\t\t\t\t\t\t<span class=\"elementor-icon-list-icon\">\n\t\t\t\t\t\t\t<i aria-hidden=\"true\" class=\"fas fa-check\"><\/i>\t\t\t\t\t\t<\/span>\n\t\t\t\t\t\t\t\t\t\t<span class=\"elementor-icon-list-text\">Drinking alcohol is a violation of the Visiting Rules;<\/span>\n\t\t\t\t\t\t\t\t\t<\/li>\n\t\t\t\t\t\t\t\t<li class=\"elementor-icon-list-item\">\n\t\t\t\t\t\t\t\t\t\t\t<span class=\"elementor-icon-list-icon\">\n\t\t\t\t\t\t\t<i aria-hidden=\"true\" class=\"fas fa-check\"><\/i>\t\t\t\t\t\t<\/span>\n\t\t\t\t\t\t\t\t\t\t<span class=\"elementor-icon-list-text\">Mind your own safety \u2013 although the Soumarsk\u00fd Most \u2013 P\u011bkn\u00e1 section is classified as ZWB \u2013 WW1, we recommend respecting the basic rules of safe rafting on flowing water (use of life jackets and helmets).<\/span>\n\t\t\t\t\t\t\t\t\t<\/li>\n\t\t\t\t\t\t<\/ul>\n\t\t\t\t<\/div>\n\t\t\t\t<\/div>\n\t\t\t\t\t\t<\/div>\n\t\t\t\t\t<\/div>\n\t\t<\/div>\n\t\t\t\t\t\t\t\t<\/div>\n\t\t\t\t\t<\/div>\n\t\t<\/section>\n\t\t\t\t<section class=\"elementor-section elementor-top-section elementor-element elementor-element-228f8b12 elementor-section-boxed elementor-section-height-default elementor-section-height-default\" data-id=\"228f8b12\" data-element_type=\"section\">\n\t\t\t\t\t\t<div class=\"elementor-container elementor-column-gap-default\">\n\t\t\t\t\t\t\t<div class=\"elementor-row\">\n\t\t\t\t\t<div class=\"elementor-column elementor-col-100 elementor-top-column elementor-element elementor-element-16356f1c\" data-id=\"16356f1c\" data-element_type=\"column\">\n\t\t\t<div class=\"elementor-column-wrap elementor-element-populated\">\n\t\t\t\t\t\t\t<div class=\"elementor-widget-wrap\">\n\t\t\t\t\t\t<div class=\"elementor-element elementor-element-255e09b1 elementor-widget elementor-widget-heading\" data-id=\"255e09b1\" data-element_type=\"widget\" data-widget_type=\"heading.default\">\n\t\t\t\t<div class=\"elementor-widget-container\">\n\t\t\t<h2 class=\"elementor-heading-title elementor-size-default\">Each paddler rafts at their own risk!<\/h2>\t\t<\/div>\n\t\t\t\t<\/div>\n\t\t\t\t\t\t<\/div>\n\t\t\t\t\t<\/div>\n\t\t<\/div>\n\t\t\t\t\t\t\t\t<\/div>\n\t\t\t\t\t<\/div>\n\t\t<\/section>\n\t\t\t\t<section class=\"elementor-section elementor-top-section elementor-element elementor-element-4521c33e elementor-section-boxed elementor-section-height-default elementor-section-height-default\" data-id=\"4521c33e\" data-element_type=\"section\">\n\t\t\t\t\t\t<div class=\"elementor-container elementor-column-gap-default\">\n\t\t\t\t\t\t\t<div class=\"elementor-row\">\n\t\t\t\t\t<div class=\"elementor-column elementor-col-100 elementor-top-column elementor-element elementor-element-121fd575\" data-id=\"121fd575\" data-element_type=\"column\">\n\t\t\t<div class=\"elementor-column-wrap elementor-element-populated\">\n\t\t\t\t\t\t\t<div class=\"elementor-widget-wrap\">\n\t\t\t\t\t\t<div class=\"elementor-element elementor-element-3c56bd51 elementor-widget elementor-widget-heading\" data-id=\"3c56bd51\" data-element_type=\"widget\" data-widget_type=\"heading.default\">\n\t\t\t\t<div class=\"elementor-widget-container\">\n\t\t\t<h3 class=\"elementor-heading-title elementor-size-default\">Timetable<\/h3>\t\t<\/div>\n\t\t\t\t<\/div>\n\t\t\t\t\t\t<\/div>\n\t\t\t\t\t<\/div>\n\t\t<\/div>\n\t\t\t\t\t\t\t\t<\/div>\n\t\t\t\t\t<\/div>\n\t\t<\/section>\n\t\t\t\t<section class=\"elementor-section elementor-top-section elementor-element elementor-element-1d2056c9 elementor-section-boxed elementor-section-height-default elementor-section-height-default\" data-id=\"1d2056c9\" data-element_type=\"section\">\n\t\t\t\t\t\t<div class=\"elementor-container elementor-column-gap-default\">\n\t\t\t\t\t\t\t<div class=\"elementor-row\">\n\t\t\t\t\t<div class=\"elementor-column elementor-col-100 elementor-top-column elementor-element elementor-element-300c2d04\" data-id=\"300c2d04\" data-element_type=\"column\">\n\t\t\t<div class=\"elementor-column-wrap elementor-element-populated\">\n\t\t\t\t\t\t\t<div class=\"elementor-widget-wrap\">\n\t\t\t\t\t\t<div class=\"elementor-element elementor-element-3f75da3e elementor-widget elementor-widget-text-editor\" data-id=\"3f75da3e\" data-element_type=\"widget\" data-widget_type=\"text-editor.default\">\n\t\t\t\t<div class=\"elementor-widget-container\">\n\t\t\t\t\t\t\t\t<div class=\"elementor-text-editor elementor-clearfix\">\n\t\t\t\t<p class=\"ng-scope\"><strong>Considering the stricter conditions for the section Soumarsk\u00fd Most \u2013 P\u011bkn\u00e1, it is recommended to adhere to the timetable (these conditions for departure apply for the water level of 50\u201361 cm as well as above 61 cm).<\/strong><\/p>\n<ul class=\"ng-scope\">\n<li>Paddler groups without a guide (if the water level is at 50\u201361 cm) must keep to the given time of departure and it is recommended to keep to the timetable for arrival at the rest stations as well in order to prevent merging of the groups;<\/li>\n<li>Timely arrival and possession of a registration sticker;<\/li>\n<li>The overall duration of rafting this section is 4 hours maximum.<\/li>\n<\/ul>\n<p><strong>Example: 8 am departure<\/strong><i class=\"ng-scope\"><br \/>\n1. 8:00 am \u2013 departure from Soumarsk\u00fd Most, beginning of the section with compulsory registration<br \/>\n2. by 9:30 am \u2013 arrival at Dobr\u00e1\/railway bridge, rest station<br \/>\n3. by 10:40 am \u2013 arrival at Chlum, rest station<br \/>\n4. by 11:10 am \u2013 arrival at the Tepl\u00e1 Vltava and Studen\u00e1 Vltava confluence, rest station<br \/>\n5. by 12 noon \u2013 end of rafting at P\u011bkn\u00e1, end of the section with compulsory registration, paddlers may continue to Nov\u00e1 Pec <\/i><\/p>\n\t\t\t\t\t<\/div>\n\t\t\t\t\t\t<\/div>\n\t\t\t\t<\/div>\n\t\t\t\t\t\t<\/div>\n\t\t\t\t\t<\/div>\n\t\t<\/div>\n\t\t\t\t\t\t\t\t<\/div>\n\t\t\t\t\t<\/div>\n\t\t<\/section>\n\t\t\t\t<section class=\"elementor-section elementor-top-section elementor-element elementor-element-c412ba6 elementor-section-boxed elementor-section-height-default elementor-section-height-default\" data-id=\"c412ba6\" data-element_type=\"section\">\n\t\t\t\t\t\t<div class=\"elementor-container elementor-column-gap-default\">\n\t\t\t\t\t\t\t<div class=\"elementor-row\">\n\t\t\t\t\t<div class=\"elementor-column elementor-col-100 elementor-top-column elementor-element elementor-element-b369690\" data-id=\"b369690\" data-element_type=\"column\">\n\t\t\t<div class=\"elementor-column-wrap elementor-element-populated\">\n\t\t\t\t\t\t\t<div class=\"elementor-widget-wrap\">\n\t\t\t\t\t\t<div class=\"elementor-element elementor-element-da72335 elementor-widget elementor-widget-image\" data-id=\"da72335\" data-element_type=\"widget\" data-widget_type=\"image.default\">\n\t\t\t\t<div class=\"elementor-widget-container\">\n\t\t\t\t\t\t\t\t<div class=\"elementor-image\">\n\t\t\t\t\t\t\t\t\t\t\t\t<img decoding=\"async\" width=\"569\" height=\"210\" src=\"https:\/\/splouvani.npsumava.cz\/wp-content\/uploads\/2020\/02\/piktogramy.png\" class=\"attachment-large size-large wp-image-165\" alt=\"\" loading=\"lazy\" srcset=\"https:\/\/splouvani.npsumava.cz\/wp-content\/uploads\/2020\/02\/piktogramy.png 569w, https:\/\/splouvani.npsumava.cz\/wp-content\/uploads\/2020\/02\/piktogramy-300x111.png 300w\" sizes=\"(max-width: 569px) 100vw, 569px\" \/>\t\t\t\t\t\t\t\t\t\t\t\t\t\t<\/div>\n\t\t\t\t\t\t<\/div>\n\t\t\t\t<\/div>\n\t\t\t\t\t\t<\/div>\n\t\t\t\t\t<\/div>\n\t\t<\/div>\n\t\t\t\t\t\t\t\t<\/div>\n\t\t\t\t\t<\/div>\n\t\t<\/section>\n\t\t\t\t\t\t\t\t\t<\/div>\n\t\t\t<\/div>\n\t\t\t\t\t<\/div>\n\t\t","protected":false},"excerpt":{"rendered":"<p>Precautions for Paddlers Follow the flowline, one vessel after another; avoid shallow water; Avoid catching up with other groups \u2013 keep to the timetable; Do not damage the riverbed by paddle; Do not pick aquatic plants or other plants near the river; Ensure you and your children raft quietly, do not disturb the animals living [&hellip;]<\/p>\n","protected":false},"author":1,"featured_media":0,"parent":21652,"menu_order":0,"comment_status":"closed","ping_status":"closed","template":"","meta":[],"acf":[],"yoast_head":"<!-- This site is optimized with the Yoast SEO plugin v20.4 - https:\/\/yoast.com\/wordpress\/plugins\/seo\/ -->\n<title>Precautions for Paddlers | Splouv\u00e1n\u00ed Vltavy<\/title>\n<meta name=\"robots\" content=\"index, follow, max-snippet:-1, max-image-preview:large, max-video-preview:-1\" \/>\n<link rel=\"canonical\" href=\"https:\/\/splouvani.npsumava.cz\/en\/rules-and-information\/precautions-for-paddlers\/\" \/>\n<meta property=\"og:locale\" content=\"en_US\" \/>\n<meta property=\"og:type\" content=\"article\" \/>\n<meta property=\"og:title\" content=\"Precautions for Paddlers | Splouv\u00e1n\u00ed Vltavy\" \/>\n<meta property=\"og:description\" content=\"Precautions for Paddlers Follow the flowline, one vessel after another; avoid shallow water; Avoid catching up with other groups \u2013 keep to the timetable; Do not damage the riverbed by paddle; Do not pick aquatic plants or other plants near the river; Ensure you and your children raft quietly, do not disturb the animals living [&hellip;]\" \/>\n<meta property=\"og:url\" content=\"https:\/\/splouvani.npsumava.cz\/en\/rules-and-information\/precautions-for-paddlers\/\" \/>\n<meta property=\"og:site_name\" content=\"Splouv\u00e1n\u00ed Vltavy\" \/>\n<meta property=\"article:modified_time\" content=\"2021-05-03T15:45:28+00:00\" \/>\n<meta property=\"og:image\" content=\"https:\/\/splouvani.npsumava.cz\/wp-content\/uploads\/2020\/02\/piktogramy.png\" \/>\n<meta name=\"twitter:card\" content=\"summary_large_image\" \/>\n<meta name=\"twitter:label1\" content=\"Est. reading time\" \/>\n\t<meta name=\"twitter:data1\" content=\"1 minute\" \/>\n<script type=\"application\/ld+json\" class=\"yoast-schema-graph\">{\"@context\":\"https:\/\/schema.org\",\"@graph\":[{\"@type\":\"WebPage\",\"@id\":\"https:\/\/splouvani.npsumava.cz\/en\/rules-and-information\/precautions-for-paddlers\/\",\"url\":\"https:\/\/splouvani.npsumava.cz\/en\/rules-and-information\/precautions-for-paddlers\/\",\"name\":\"Precautions for Paddlers | Splouv\u00e1n\u00ed Vltavy\",\"isPartOf\":{\"@id\":\"https:\/\/splouvani.npsumava.cz\/#website\"},\"datePublished\":\"2021-05-03T15:42:52+00:00\",\"dateModified\":\"2021-05-03T15:45:28+00:00\",\"breadcrumb\":{\"@id\":\"https:\/\/splouvani.npsumava.cz\/en\/rules-and-information\/precautions-for-paddlers\/#breadcrumb\"},\"inLanguage\":\"en-US\",\"potentialAction\":[{\"@type\":\"ReadAction\",\"target\":[\"https:\/\/splouvani.npsumava.cz\/en\/rules-and-information\/precautions-for-paddlers\/\"]}]},{\"@type\":\"BreadcrumbList\",\"@id\":\"https:\/\/splouvani.npsumava.cz\/en\/rules-and-information\/precautions-for-paddlers\/#breadcrumb\",\"itemListElement\":[{\"@type\":\"ListItem\",\"position\":1,\"name\":\"Dom\u016f\",\"item\":\"https:\/\/splouvani.npsumava.cz\/en\/home\/\"},{\"@type\":\"ListItem\",\"position\":2,\"name\":\"Rules and Information\",\"item\":\"https:\/\/splouvani.npsumava.cz\/en\/rules-and-information\/\"},{\"@type\":\"ListItem\",\"position\":3,\"name\":\"Precautions for Paddlers\"}]},{\"@type\":\"WebSite\",\"@id\":\"https:\/\/splouvani.npsumava.cz\/#website\",\"url\":\"https:\/\/splouvani.npsumava.cz\/\",\"name\":\"Splouv\u00e1n\u00ed Vltavy\",\"description\":\"Vodn\u00ed turistika na \u00fasec\u00edch \u0159ek Vltava, Otava a Vydra\",\"publisher\":{\"@id\":\"https:\/\/splouvani.npsumava.cz\/#organization\"},\"potentialAction\":[{\"@type\":\"SearchAction\",\"target\":{\"@type\":\"EntryPoint\",\"urlTemplate\":\"https:\/\/splouvani.npsumava.cz\/?s={search_term_string}\"},\"query-input\":\"required name=search_term_string\"}],\"inLanguage\":\"en-US\"},{\"@type\":\"Organization\",\"@id\":\"https:\/\/splouvani.npsumava.cz\/#organization\",\"name\":\"Splouv\u00e1n\u00ed Vltavy\",\"url\":\"https:\/\/splouvani.npsumava.cz\/\",\"logo\":{\"@type\":\"ImageObject\",\"inLanguage\":\"en-US\",\"@id\":\"https:\/\/splouvani.npsumava.cz\/#\/schema\/logo\/image\/\",\"url\":\"https:\/\/splouvani.npsumava.cz\/wp-content\/uploads\/2020\/02\/splouvani_vltavy-logo-1.jpg\",\"contentUrl\":\"https:\/\/splouvani.npsumava.cz\/wp-content\/uploads\/2020\/02\/splouvani_vltavy-logo-1.jpg\",\"width\":111,\"height\":100,\"caption\":\"Splouv\u00e1n\u00ed Vltavy\"},\"image\":{\"@id\":\"https:\/\/splouvani.npsumava.cz\/#\/schema\/logo\/image\/\"}}]}<\/script>\n<!-- \/ Yoast SEO plugin. -->","yoast_head_json":{"title":"Precautions for Paddlers | Splouv\u00e1n\u00ed Vltavy","robots":{"index":"index","follow":"follow","max-snippet":"max-snippet:-1","max-image-preview":"max-image-preview:large","max-video-preview":"max-video-preview:-1"},"canonical":"https:\/\/splouvani.npsumava.cz\/en\/rules-and-information\/precautions-for-paddlers\/","og_locale":"en_US","og_type":"article","og_title":"Precautions for Paddlers | Splouv\u00e1n\u00ed Vltavy","og_description":"Precautions for Paddlers Follow the flowline, one vessel after another; avoid shallow water; Avoid catching up with other groups \u2013 keep to the timetable; Do not damage the riverbed by paddle; Do not pick aquatic plants or other plants near the river; Ensure you and your children raft quietly, do not disturb the animals living [&hellip;]","og_url":"https:\/\/splouvani.npsumava.cz\/en\/rules-and-information\/precautions-for-paddlers\/","og_site_name":"Splouv\u00e1n\u00ed Vltavy","article_modified_time":"2021-05-03T15:45:28+00:00","og_image":[{"url":"https:\/\/splouvani.npsumava.cz\/wp-content\/uploads\/2020\/02\/piktogramy.png"}],"twitter_card":"summary_large_image","twitter_misc":{"Est. reading time":"1 minute"},"schema":{"@context":"https:\/\/schema.org","@graph":[{"@type":"WebPage","@id":"https:\/\/splouvani.npsumava.cz\/en\/rules-and-information\/precautions-for-paddlers\/","url":"https:\/\/splouvani.npsumava.cz\/en\/rules-and-information\/precautions-for-paddlers\/","name":"Precautions for Paddlers | Splouv\u00e1n\u00ed Vltavy","isPartOf":{"@id":"https:\/\/splouvani.npsumava.cz\/#website"},"datePublished":"2021-05-03T15:42:52+00:00","dateModified":"2021-05-03T15:45:28+00:00","breadcrumb":{"@id":"https:\/\/splouvani.npsumava.cz\/en\/rules-and-information\/precautions-for-paddlers\/#breadcrumb"},"inLanguage":"en-US","potentialAction":[{"@type":"ReadAction","target":["https:\/\/splouvani.npsumava.cz\/en\/rules-and-information\/precautions-for-paddlers\/"]}]},{"@type":"BreadcrumbList","@id":"https:\/\/splouvani.npsumava.cz\/en\/rules-and-information\/precautions-for-paddlers\/#breadcrumb","itemListElement":[{"@type":"ListItem","position":1,"name":"Dom\u016f","item":"https:\/\/splouvani.npsumava.cz\/en\/home\/"},{"@type":"ListItem","position":2,"name":"Rules and Information","item":"https:\/\/splouvani.npsumava.cz\/en\/rules-and-information\/"},{"@type":"ListItem","position":3,"name":"Precautions for Paddlers"}]},{"@type":"WebSite","@id":"https:\/\/splouvani.npsumava.cz\/#website","url":"https:\/\/splouvani.npsumava.cz\/","name":"Splouv\u00e1n\u00ed Vltavy","description":"Vodn\u00ed turistika na \u00fasec\u00edch \u0159ek Vltava, Otava a Vydra","publisher":{"@id":"https:\/\/splouvani.npsumava.cz\/#organization"},"potentialAction":[{"@type":"SearchAction","target":{"@type":"EntryPoint","urlTemplate":"https:\/\/splouvani.npsumava.cz\/?s={search_term_string}"},"query-input":"required name=search_term_string"}],"inLanguage":"en-US"},{"@type":"Organization","@id":"https:\/\/splouvani.npsumava.cz\/#organization","name":"Splouv\u00e1n\u00ed Vltavy","url":"https:\/\/splouvani.npsumava.cz\/","logo":{"@type":"ImageObject","inLanguage":"en-US","@id":"https:\/\/splouvani.npsumava.cz\/#\/schema\/logo\/image\/","url":"https:\/\/splouvani.npsumava.cz\/wp-content\/uploads\/2020\/02\/splouvani_vltavy-logo-1.jpg","contentUrl":"https:\/\/splouvani.npsumava.cz\/wp-content\/uploads\/2020\/02\/splouvani_vltavy-logo-1.jpg","width":111,"height":100,"caption":"Splouv\u00e1n\u00ed Vltavy"},"image":{"@id":"https:\/\/splouvani.npsumava.cz\/#\/schema\/logo\/image\/"}}]}},"_links":{"self":[{"href":"https:\/\/splouvani.npsumava.cz\/en\/wp-json\/wp\/v2\/pages\/21670"}],"collection":[{"href":"https:\/\/splouvani.npsumava.cz\/en\/wp-json\/wp\/v2\/pages"}],"about":[{"href":"https:\/\/splouvani.npsumava.cz\/en\/wp-json\/wp\/v2\/types\/page"}],"author":[{"embeddable":true,"href":"https:\/\/splouvani.npsumava.cz\/en\/wp-json\/wp\/v2\/users\/1"}],"replies":[{"embeddable":true,"href":"https:\/\/splouvani.npsumava.cz\/en\/wp-json\/wp\/v2\/comments?post=21670"}],"version-history":[{"count":0,"href":"https:\/\/splouvani.npsumava.cz\/en\/wp-json\/wp\/v2\/pages\/21670\/revisions"}],"up":[{"embeddable":true,"href":"https:\/\/splouvani.npsumava.cz\/en\/wp-json\/wp\/v2\/pages\/21652"}],"wp:attachment":[{"href":"https:\/\/splouvani.npsumava.cz\/en\/wp-json\/wp\/v2\/media?parent=21670"}],"curies":[{"name":"wp","href":"https:\/\/api.w.org\/{rel}","templated":true}]}}