{"id":21668,"date":"2021-05-03T17:36:25","date_gmt":"2021-05-03T15:36:25","guid":{"rendered":"https:\/\/splouvani.npsumava.cz\/rules-and-information\/registration-conditions\/"},"modified":"2023-06-09T09:02:21","modified_gmt":"2023-06-09T07:02:21","slug":"registration-conditions","status":"publish","type":"page","link":"https:\/\/splouvani.npsumava.cz\/en\/rules-and-information\/registration-conditions\/","title":{"rendered":"Registration Conditions"},"content":{"rendered":"\t\t<div data-elementor-type=\"wp-page\" data-elementor-id=\"21668\" class=\"elementor elementor-21668 elementor-157\">\n\t\t\t\t\t\t<div class=\"elementor-inner\">\n\t\t\t\t<div class=\"elementor-section-wrap\">\n\t\t\t\t\t\t\t\t\t<section class=\"elementor-section elementor-top-section elementor-element elementor-element-321f2f1c elementor-section-boxed elementor-section-height-default elementor-section-height-default\" data-id=\"321f2f1c\" data-element_type=\"section\">\n\t\t\t\t\t\t<div class=\"elementor-container elementor-column-gap-default\">\n\t\t\t\t\t\t\t<div class=\"elementor-row\">\n\t\t\t\t\t<div class=\"elementor-column elementor-col-100 elementor-top-column elementor-element elementor-element-787b686f\" data-id=\"787b686f\" data-element_type=\"column\">\n\t\t\t<div class=\"elementor-column-wrap elementor-element-populated\">\n\t\t\t\t\t\t\t<div class=\"elementor-widget-wrap\">\n\t\t\t\t\t\t<div class=\"elementor-element elementor-element-7cd04bd4 elementor-widget elementor-widget-heading\" data-id=\"7cd04bd4\" data-element_type=\"widget\" data-widget_type=\"heading.default\">\n\t\t\t\t<div class=\"elementor-widget-container\">\n\t\t\t<h1 class=\"elementor-heading-title elementor-size-default\">Registration Conditions<\/h1>\t\t<\/div>\n\t\t\t\t<\/div>\n\t\t\t\t\t\t<\/div>\n\t\t\t\t\t<\/div>\n\t\t<\/div>\n\t\t\t\t\t\t\t\t<\/div>\n\t\t\t\t\t<\/div>\n\t\t<\/section>\n\t\t\t\t<section class=\"elementor-section elementor-top-section elementor-element elementor-element-157a2fe elementor-section-boxed elementor-section-height-default elementor-section-height-default\" data-id=\"157a2fe\" data-element_type=\"section\">\n\t\t\t\t\t\t<div class=\"elementor-container elementor-column-gap-default\">\n\t\t\t\t\t\t\t<div class=\"elementor-row\">\n\t\t\t\t\t<div class=\"elementor-column elementor-col-100 elementor-top-column elementor-element elementor-element-12d7f6b\" data-id=\"12d7f6b\" data-element_type=\"column\">\n\t\t\t<div class=\"elementor-column-wrap elementor-element-populated\">\n\t\t\t\t\t\t\t<div class=\"elementor-widget-wrap\">\n\t\t\t\t\t\t<div class=\"elementor-element elementor-element-50efdc93 elementor-widget elementor-widget-heading\" data-id=\"50efdc93\" data-element_type=\"widget\" data-widget_type=\"heading.default\">\n\t\t\t\t<div class=\"elementor-widget-container\">\n\t\t\t<h2 class=\"elementor-heading-title elementor-size-default\">Vessel registration<\/h2>\t\t<\/div>\n\t\t\t\t<\/div>\n\t\t\t\t<div class=\"elementor-element elementor-element-45878fe elementor-widget elementor-widget-text-editor\" data-id=\"45878fe\" data-element_type=\"widget\" data-widget_type=\"text-editor.default\">\n\t\t\t\t<div class=\"elementor-widget-container\">\n\t\t\t\t\t\t\t\t<div class=\"elementor-text-editor elementor-clearfix\">\n\t\t\t\t<ul class=\"ng-scope\">\n<li>Using the electronic reservation system on the website www.npsumava.cz, but no later than 3 pm of the day before the date of required departure (electronic reservation is set to max. 7 vessels\/hr if the water level is 50\u201361 cm; if the water level exceeds 61 cm, reservation automatically changes to max. 20 vessels\/hr; other vessels may only be reserved on the spot);<\/li>\n<li>In person at Soumarsk\u00fd Most registration point (only on the required date of departure).<\/li>\n<\/ul>\n\t\t\t\t\t<\/div>\n\t\t\t\t\t\t<\/div>\n\t\t\t\t<\/div>\n\t\t\t\t\t\t<\/div>\n\t\t\t\t\t<\/div>\n\t\t<\/div>\n\t\t\t\t\t\t\t\t<\/div>\n\t\t\t\t\t<\/div>\n\t\t<\/section>\n\t\t\t\t<section class=\"elementor-section elementor-top-section elementor-element elementor-element-637bc87 elementor-section-boxed elementor-section-height-default elementor-section-height-default\" data-id=\"637bc87\" data-element_type=\"section\">\n\t\t\t\t\t\t<div class=\"elementor-container elementor-column-gap-default\">\n\t\t\t\t\t\t\t<div class=\"elementor-row\">\n\t\t\t\t\t<div class=\"elementor-column elementor-col-100 elementor-top-column elementor-element elementor-element-5bfc9299\" data-id=\"5bfc9299\" data-element_type=\"column\">\n\t\t\t<div class=\"elementor-column-wrap elementor-element-populated\">\n\t\t\t\t\t\t\t<div class=\"elementor-widget-wrap\">\n\t\t\t\t\t\t<div class=\"elementor-element elementor-element-2b661061 elementor-widget elementor-widget-heading\" data-id=\"2b661061\" data-element_type=\"widget\" data-widget_type=\"heading.default\">\n\t\t\t\t<div class=\"elementor-widget-container\">\n\t\t\t<h2 class=\"elementor-heading-title elementor-size-default\">Registration fee<\/h2>\t\t<\/div>\n\t\t\t\t<\/div>\n\t\t\t\t\t\t<\/div>\n\t\t\t\t\t<\/div>\n\t\t<\/div>\n\t\t\t\t\t\t\t\t<\/div>\n\t\t\t\t\t<\/div>\n\t\t<\/section>\n\t\t\t\t<section class=\"elementor-section elementor-top-section elementor-element elementor-element-69557f03 elementor-section-boxed elementor-section-height-default elementor-section-height-default\" data-id=\"69557f03\" data-element_type=\"section\">\n\t\t\t\t\t\t<div class=\"elementor-container elementor-column-gap-default\">\n\t\t\t\t\t\t\t<div class=\"elementor-row\">\n\t\t\t\t\t<div class=\"elementor-column elementor-col-100 elementor-top-column elementor-element elementor-element-4475b4f\" data-id=\"4475b4f\" data-element_type=\"column\">\n\t\t\t<div class=\"elementor-column-wrap elementor-element-populated\">\n\t\t\t\t\t\t\t<div class=\"elementor-widget-wrap\">\n\t\t\t\t\t\t<div class=\"elementor-element elementor-element-6ceee96c elementor-widget elementor-widget-text-editor\" data-id=\"6ceee96c\" data-element_type=\"widget\" data-widget_type=\"text-editor.default\">\n\t\t\t\t<div class=\"elementor-widget-container\">\n\t\t\t\t\t\t\t\t<div class=\"elementor-text-editor elementor-clearfix\">\n\t\t\t\t<h4>At water level 50\u201361 cm:<\/h4><ul><li>electronic registration \u2013 the fee for one vessel is CZK 600<\/li><li>on the spot on the day of departure \u2013 the fee for one vessel is CZK 700<\/li><\/ul><h4>At water level above 61 cm:<\/h4><ul><li>on the spot only: the registration fee for one vessel is CZK 700<\/li><\/ul><p><i>The electronic reservation is paid immediately through a payment gateway (GoPay). Internet payments must be activated for credit cards; you can activate this service with your bank. (GoPay).<\/i><\/p>\t\t\t\t\t<\/div>\n\t\t\t\t\t\t<\/div>\n\t\t\t\t<\/div>\n\t\t\t\t<div class=\"elementor-element elementor-element-d046413 elementor-widget elementor-widget-heading\" data-id=\"d046413\" data-element_type=\"widget\" data-widget_type=\"heading.default\">\n\t\t\t\t<div class=\"elementor-widget-container\">\n\t\t\t<h2 class=\"elementor-heading-title elementor-size-default\">Cancellation of registration \u2013 cancellation conditions<\/h2>\t\t<\/div>\n\t\t\t\t<\/div>\n\t\t\t\t<div class=\"elementor-element elementor-element-7708c46 elementor-widget elementor-widget-text-editor\" data-id=\"7708c46\" data-element_type=\"widget\" data-widget_type=\"text-editor.default\">\n\t\t\t\t<div class=\"elementor-widget-container\">\n\t\t\t\t\t\t\t\t<div class=\"elementor-text-editor elementor-clearfix\">\n\t\t\t\t<ul>\n<li>In case of cancellation no later than 30 days before departure, 100% of the registration fee is refundable;<\/li>\n<li>In case of cancellation 30 days or less before departure, the registration fee is not refundable;<\/li>\n<li>The order is always be cancelled as a whole.<\/li>\n<li>The goods are automatically refunded if the water level is below 50 cm at Soumarsk\u00fd Most measuring point on the day of planned departure;<\/li>\n<li><strong>The refund application within the cancellation conditions must be sent to <a href=\"mailto:splouvani.vltava@npsumava.cz\">splouvani.vltava@npsumava.cz<\/a>. The decisive date is the date of receipt. <\/strong><\/li>\n<\/ul>\n<p><i>In justified cases, the registration fee may be returned in full \u2013 this must be assessed by the \u0160umava NP Administration and paddlers have no legal rights regarding the refund.<\/i><\/p>\n\t\t\t\t\t<\/div>\n\t\t\t\t\t\t<\/div>\n\t\t\t\t<\/div>\n\t\t\t\t<div class=\"elementor-element elementor-element-261663c elementor-widget elementor-widget-heading\" data-id=\"261663c\" data-element_type=\"widget\" data-widget_type=\"heading.default\">\n\t\t\t\t<div class=\"elementor-widget-container\">\n\t\t\t<h2 class=\"elementor-heading-title elementor-size-default\">Registration sticker<\/h2>\t\t<\/div>\n\t\t\t\t<\/div>\n\t\t\t\t<div class=\"elementor-element elementor-element-a333e1a elementor-widget elementor-widget-text-editor\" data-id=\"a333e1a\" data-element_type=\"widget\" data-widget_type=\"text-editor.default\">\n\t\t\t\t<div class=\"elementor-widget-container\">\n\t\t\t\t\t\t\t\t<div class=\"elementor-text-editor elementor-clearfix\">\n\t\t\t\t<ul class=\"ng-scope\">\n<li>Serves also as proof of registration;<\/li>\n<li>\u2022\tThe sticker may be picked up on the day of departure, no earlier than 15 minutes before the time of departure;<\/li>\n<li>In case of late arrival, rafting is only possible on the same day if there is a vacancy for a later time, otherwise the registration is forfeited;<\/li>\n<li>The sticker is attached from above to the bow of the vessel; only one valid sticker may be present on the vessel.<\/li>\n<\/ul>\n\t\t\t\t\t<\/div>\n\t\t\t\t\t\t<\/div>\n\t\t\t\t<\/div>\n\t\t\t\t\t\t<\/div>\n\t\t\t\t\t<\/div>\n\t\t<\/div>\n\t\t\t\t\t\t\t\t<\/div>\n\t\t\t\t\t<\/div>\n\t\t<\/section>\n\t\t\t\t<section class=\"elementor-section elementor-top-section elementor-element elementor-element-1f74aaa elementor-section-boxed elementor-section-height-default elementor-section-height-default\" data-id=\"1f74aaa\" data-element_type=\"section\">\n\t\t\t\t\t\t<div class=\"elementor-container elementor-column-gap-default\">\n\t\t\t\t\t\t\t<div class=\"elementor-row\">\n\t\t\t\t\t<div class=\"elementor-column elementor-col-100 elementor-top-column elementor-element elementor-element-d9a1dfb\" data-id=\"d9a1dfb\" data-element_type=\"column\">\n\t\t\t<div class=\"elementor-column-wrap elementor-element-populated\">\n\t\t\t\t\t\t\t<div class=\"elementor-widget-wrap\">\n\t\t\t\t\t\t<div class=\"elementor-element elementor-element-d9e9803 elementor-widget elementor-widget-image\" data-id=\"d9e9803\" data-element_type=\"widget\" data-widget_type=\"image.default\">\n\t\t\t\t<div class=\"elementor-widget-container\">\n\t\t\t\t\t\t\t\t<div class=\"elementor-image\">\n\t\t\t\t\t\t\t\t\t\t\t\t<img decoding=\"async\" src=\"https:\/\/splouvani.npsumava.cz\/wp-content\/uploads\/2020\/02\/znamka.png\" title=\"\" alt=\"\" loading=\"lazy\" \/>\t\t\t\t\t\t\t\t\t\t\t\t\t\t<\/div>\n\t\t\t\t\t\t<\/div>\n\t\t\t\t<\/div>\n\t\t\t\t\t\t<\/div>\n\t\t\t\t\t<\/div>\n\t\t<\/div>\n\t\t\t\t\t\t\t\t<\/div>\n\t\t\t\t\t<\/div>\n\t\t<\/section>\n\t\t\t\t\t\t\t\t\t<\/div>\n\t\t\t<\/div>\n\t\t\t\t\t<\/div>\n\t\t","protected":false},"excerpt":{"rendered":"<p>Registration Conditions Vessel registration Using the electronic reservation system on the website www.npsumava.cz, but no later than 3 pm of the day before the date of required departure (electronic reservation is set to max. 7 vessels\/hr if the water level is 50\u201361 cm; if the water level exceeds 61 cm, reservation automatically changes to max. [&hellip;]<\/p>\n","protected":false},"author":1,"featured_media":0,"parent":21652,"menu_order":0,"comment_status":"closed","ping_status":"closed","template":"","meta":[],"acf":[],"yoast_head":"<!-- This site is optimized with the Yoast SEO plugin v20.4 - https:\/\/yoast.com\/wordpress\/plugins\/seo\/ -->\n<title>Registration Conditions | Splouv\u00e1n\u00ed Vltavy<\/title>\n<meta name=\"robots\" content=\"index, follow, max-snippet:-1, max-image-preview:large, max-video-preview:-1\" \/>\n<link rel=\"canonical\" href=\"https:\/\/splouvani.npsumava.cz\/en\/rules-and-information\/registration-conditions\/\" \/>\n<meta property=\"og:locale\" content=\"en_US\" \/>\n<meta property=\"og:type\" content=\"article\" \/>\n<meta property=\"og:title\" content=\"Registration Conditions | Splouv\u00e1n\u00ed Vltavy\" \/>\n<meta property=\"og:description\" content=\"Registration Conditions Vessel registration Using the electronic reservation system on the website www.npsumava.cz, but no later than 3 pm of the day before the date of required departure (electronic reservation is set to max. 7 vessels\/hr if the water level is 50\u201361 cm; if the water level exceeds 61 cm, reservation automatically changes to max. [&hellip;]\" \/>\n<meta property=\"og:url\" content=\"https:\/\/splouvani.npsumava.cz\/en\/rules-and-information\/registration-conditions\/\" \/>\n<meta property=\"og:site_name\" content=\"Splouv\u00e1n\u00ed Vltavy\" \/>\n<meta property=\"article:modified_time\" content=\"2023-06-09T07:02:21+00:00\" \/>\n<meta property=\"og:image\" content=\"https:\/\/splouvani.npsumava.cz\/wp-content\/uploads\/2020\/02\/znamka.png\" \/>\n<meta name=\"twitter:card\" content=\"summary_large_image\" \/>\n<meta name=\"twitter:label1\" content=\"Est. reading time\" \/>\n\t<meta name=\"twitter:data1\" content=\"2 minutes\" \/>\n<script type=\"application\/ld+json\" class=\"yoast-schema-graph\">{\"@context\":\"https:\/\/schema.org\",\"@graph\":[{\"@type\":\"WebPage\",\"@id\":\"https:\/\/splouvani.npsumava.cz\/en\/rules-and-information\/registration-conditions\/\",\"url\":\"https:\/\/splouvani.npsumava.cz\/en\/rules-and-information\/registration-conditions\/\",\"name\":\"Registration Conditions | Splouv\u00e1n\u00ed Vltavy\",\"isPartOf\":{\"@id\":\"https:\/\/splouvani.npsumava.cz\/#website\"},\"datePublished\":\"2021-05-03T15:36:25+00:00\",\"dateModified\":\"2023-06-09T07:02:21+00:00\",\"breadcrumb\":{\"@id\":\"https:\/\/splouvani.npsumava.cz\/en\/rules-and-information\/registration-conditions\/#breadcrumb\"},\"inLanguage\":\"en-US\",\"potentialAction\":[{\"@type\":\"ReadAction\",\"target\":[\"https:\/\/splouvani.npsumava.cz\/en\/rules-and-information\/registration-conditions\/\"]}]},{\"@type\":\"BreadcrumbList\",\"@id\":\"https:\/\/splouvani.npsumava.cz\/en\/rules-and-information\/registration-conditions\/#breadcrumb\",\"itemListElement\":[{\"@type\":\"ListItem\",\"position\":1,\"name\":\"Dom\u016f\",\"item\":\"https:\/\/splouvani.npsumava.cz\/en\/home\/\"},{\"@type\":\"ListItem\",\"position\":2,\"name\":\"Rules and Information\",\"item\":\"https:\/\/splouvani.npsumava.cz\/en\/rules-and-information\/\"},{\"@type\":\"ListItem\",\"position\":3,\"name\":\"Registration Conditions\"}]},{\"@type\":\"WebSite\",\"@id\":\"https:\/\/splouvani.npsumava.cz\/#website\",\"url\":\"https:\/\/splouvani.npsumava.cz\/\",\"name\":\"Splouv\u00e1n\u00ed Vltavy\",\"description\":\"Vodn\u00ed turistika na \u00fasec\u00edch \u0159ek Vltava, Otava a Vydra\",\"publisher\":{\"@id\":\"https:\/\/splouvani.npsumava.cz\/#organization\"},\"potentialAction\":[{\"@type\":\"SearchAction\",\"target\":{\"@type\":\"EntryPoint\",\"urlTemplate\":\"https:\/\/splouvani.npsumava.cz\/?s={search_term_string}\"},\"query-input\":\"required name=search_term_string\"}],\"inLanguage\":\"en-US\"},{\"@type\":\"Organization\",\"@id\":\"https:\/\/splouvani.npsumava.cz\/#organization\",\"name\":\"Splouv\u00e1n\u00ed Vltavy\",\"url\":\"https:\/\/splouvani.npsumava.cz\/\",\"logo\":{\"@type\":\"ImageObject\",\"inLanguage\":\"en-US\",\"@id\":\"https:\/\/splouvani.npsumava.cz\/#\/schema\/logo\/image\/\",\"url\":\"https:\/\/splouvani.npsumava.cz\/wp-content\/uploads\/2020\/02\/splouvani_vltavy-logo-1.jpg\",\"contentUrl\":\"https:\/\/splouvani.npsumava.cz\/wp-content\/uploads\/2020\/02\/splouvani_vltavy-logo-1.jpg\",\"width\":111,\"height\":100,\"caption\":\"Splouv\u00e1n\u00ed Vltavy\"},\"image\":{\"@id\":\"https:\/\/splouvani.npsumava.cz\/#\/schema\/logo\/image\/\"}}]}<\/script>\n<!-- \/ Yoast SEO plugin. -->","yoast_head_json":{"title":"Registration Conditions | Splouv\u00e1n\u00ed Vltavy","robots":{"index":"index","follow":"follow","max-snippet":"max-snippet:-1","max-image-preview":"max-image-preview:large","max-video-preview":"max-video-preview:-1"},"canonical":"https:\/\/splouvani.npsumava.cz\/en\/rules-and-information\/registration-conditions\/","og_locale":"en_US","og_type":"article","og_title":"Registration Conditions | Splouv\u00e1n\u00ed Vltavy","og_description":"Registration Conditions Vessel registration Using the electronic reservation system on the website www.npsumava.cz, but no later than 3 pm of the day before the date of required departure (electronic reservation is set to max. 7 vessels\/hr if the water level is 50\u201361 cm; if the water level exceeds 61 cm, reservation automatically changes to max. [&hellip;]","og_url":"https:\/\/splouvani.npsumava.cz\/en\/rules-and-information\/registration-conditions\/","og_site_name":"Splouv\u00e1n\u00ed Vltavy","article_modified_time":"2023-06-09T07:02:21+00:00","og_image":[{"url":"https:\/\/splouvani.npsumava.cz\/wp-content\/uploads\/2020\/02\/znamka.png"}],"twitter_card":"summary_large_image","twitter_misc":{"Est. reading time":"2 minutes"},"schema":{"@context":"https:\/\/schema.org","@graph":[{"@type":"WebPage","@id":"https:\/\/splouvani.npsumava.cz\/en\/rules-and-information\/registration-conditions\/","url":"https:\/\/splouvani.npsumava.cz\/en\/rules-and-information\/registration-conditions\/","name":"Registration Conditions | Splouv\u00e1n\u00ed Vltavy","isPartOf":{"@id":"https:\/\/splouvani.npsumava.cz\/#website"},"datePublished":"2021-05-03T15:36:25+00:00","dateModified":"2023-06-09T07:02:21+00:00","breadcrumb":{"@id":"https:\/\/splouvani.npsumava.cz\/en\/rules-and-information\/registration-conditions\/#breadcrumb"},"inLanguage":"en-US","potentialAction":[{"@type":"ReadAction","target":["https:\/\/splouvani.npsumava.cz\/en\/rules-and-information\/registration-conditions\/"]}]},{"@type":"BreadcrumbList","@id":"https:\/\/splouvani.npsumava.cz\/en\/rules-and-information\/registration-conditions\/#breadcrumb","itemListElement":[{"@type":"ListItem","position":1,"name":"Dom\u016f","item":"https:\/\/splouvani.npsumava.cz\/en\/home\/"},{"@type":"ListItem","position":2,"name":"Rules and Information","item":"https:\/\/splouvani.npsumava.cz\/en\/rules-and-information\/"},{"@type":"ListItem","position":3,"name":"Registration Conditions"}]},{"@type":"WebSite","@id":"https:\/\/splouvani.npsumava.cz\/#website","url":"https:\/\/splouvani.npsumava.cz\/","name":"Splouv\u00e1n\u00ed Vltavy","description":"Vodn\u00ed turistika na \u00fasec\u00edch \u0159ek Vltava, Otava a Vydra","publisher":{"@id":"https:\/\/splouvani.npsumava.cz\/#organization"},"potentialAction":[{"@type":"SearchAction","target":{"@type":"EntryPoint","urlTemplate":"https:\/\/splouvani.npsumava.cz\/?s={search_term_string}"},"query-input":"required name=search_term_string"}],"inLanguage":"en-US"},{"@type":"Organization","@id":"https:\/\/splouvani.npsumava.cz\/#organization","name":"Splouv\u00e1n\u00ed Vltavy","url":"https:\/\/splouvani.npsumava.cz\/","logo":{"@type":"ImageObject","inLanguage":"en-US","@id":"https:\/\/splouvani.npsumava.cz\/#\/schema\/logo\/image\/","url":"https:\/\/splouvani.npsumava.cz\/wp-content\/uploads\/2020\/02\/splouvani_vltavy-logo-1.jpg","contentUrl":"https:\/\/splouvani.npsumava.cz\/wp-content\/uploads\/2020\/02\/splouvani_vltavy-logo-1.jpg","width":111,"height":100,"caption":"Splouv\u00e1n\u00ed Vltavy"},"image":{"@id":"https:\/\/splouvani.npsumava.cz\/#\/schema\/logo\/image\/"}}]}},"_links":{"self":[{"href":"https:\/\/splouvani.npsumava.cz\/en\/wp-json\/wp\/v2\/pages\/21668"}],"collection":[{"href":"https:\/\/splouvani.npsumava.cz\/en\/wp-json\/wp\/v2\/pages"}],"about":[{"href":"https:\/\/splouvani.npsumava.cz\/en\/wp-json\/wp\/v2\/types\/page"}],"author":[{"embeddable":true,"href":"https:\/\/splouvani.npsumava.cz\/en\/wp-json\/wp\/v2\/users\/1"}],"replies":[{"embeddable":true,"href":"https:\/\/splouvani.npsumava.cz\/en\/wp-json\/wp\/v2\/comments?post=21668"}],"version-history":[{"count":0,"href":"https:\/\/splouvani.npsumava.cz\/en\/wp-json\/wp\/v2\/pages\/21668\/revisions"}],"up":[{"embeddable":true,"href":"https:\/\/splouvani.npsumava.cz\/en\/wp-json\/wp\/v2\/pages\/21652"}],"wp:attachment":[{"href":"https:\/\/splouvani.npsumava.cz\/en\/wp-json\/wp\/v2\/media?parent=21668"}],"curies":[{"name":"wp","href":"https:\/\/api.w.org\/{rel}","templated":true}]}}